{"id":1874,"date":"2025-01-08T12:17:56","date_gmt":"2025-01-08T11:17:56","guid":{"rendered":"https:\/\/panrest.com\/yamada-sushi-unia\/?post_type=product&#038;p=1874"},"modified":"2025-01-08T12:42:39","modified_gmt":"2025-01-08T11:42:39","slug":"plpokebowl-z-lososiemenpokebowl-with-salmon","status":"publish","type":"product","link":"https:\/\/panrest.com\/yamada-sushi-unia\/produkt\/plpokebowl-z-lososiemenpokebowl-with-salmon\/","title":{"rendered":"Pokebowl z \u0141ososiem"},"content":{"rendered":"<p>Ry\u017c, Tu\u0144czyk Marynowany, Mango, Edamame, Awokado, Marchewka, Tykwa ,trawa Morska,<br \/>\nSezam, Majonez japo\u0144ski<\/p>\n","protected":false},"excerpt":{"rendered":"<p>Ry\u017c, Tu\u0144czyk Marynowany, Mango, Edamame, Awokado, Marchewka, Tykwa ,trawa Morska,<br \/>\nSezam, Majonez japo\u0144ski<\/p>\n","protected":false},"featured_media":1931,"template":"","meta":{"_acf_changed":false},"product_brand":[],"product_cat":[58],"product_tag":[],"class_list":{"0":"post-1874","1":"product","2":"type-product","3":"status-publish","4":"has-post-thumbnail","6":"product_cat-pokebowl","8":"first","9":"instock","10":"shipping-taxable","11":"purchasable","12":"product-type-simple"},"acf":[],"_links":{"self":[{"href":"https:\/\/panrest.com\/yamada-sushi-unia\/wp-json\/wp\/v2\/product\/1874","targetHints":{"allow":["GET"]}}],"collection":[{"href":"https:\/\/panrest.com\/yamada-sushi-unia\/wp-json\/wp\/v2\/product"}],"about":[{"href":"https:\/\/panrest.com\/yamada-sushi-unia\/wp-json\/wp\/v2\/types\/product"}],"wp:featuredmedia":[{"embeddable":true,"href":"https:\/\/panrest.com\/yamada-sushi-unia\/wp-json\/wp\/v2\/media\/1931"}],"wp:attachment":[{"href":"https:\/\/panrest.com\/yamada-sushi-unia\/wp-json\/wp\/v2\/media?parent=1874"}],"wp:term":[{"taxonomy":"product_brand","embeddable":true,"href":"https:\/\/panrest.com\/yamada-sushi-unia\/wp-json\/wp\/v2\/product_brand?post=1874"},{"taxonomy":"product_cat","embeddable":true,"href":"https:\/\/panrest.com\/yamada-sushi-unia\/wp-json\/wp\/v2\/product_cat?post=1874"},{"taxonomy":"product_tag","embeddable":true,"href":"https:\/\/panrest.com\/yamada-sushi-unia\/wp-json\/wp\/v2\/product_tag?post=1874"}],"curies":[{"name":"wp","href":"https:\/\/api.w.org\/{rel}","templated":true}]}}