{"id":2622,"date":"2025-07-30T10:14:28","date_gmt":"2025-07-30T08:14:28","guid":{"rendered":"https:\/\/panrest.com\/yamada-sushi-bialoleka\/?post_type=product&#038;p=2622"},"modified":"2025-07-30T10:15:20","modified_gmt":"2025-07-30T08:15:20","slug":"yamada-set-premium-100-szt","status":"publish","type":"product","link":"https:\/\/panrest.com\/yamada-sushi-bialoleka\/produkt\/yamada-set-premium-100-szt\/","title":{"rendered":"Yamada Set Premium 100 szt"},"content":{"rendered":"<p><strong>Futomaki Philadelphia \u0141oso\u015b 6 szt.<\/strong><br \/>\n<strong>Futomaki Ma\u015blana Pieczona 6 szt.<\/strong><br \/>\n<strong>Futomaki Hirame Temputra 6 szt.<\/strong><br \/>\n<strong>Futomaki Pieczony loso\u015b 6 szt.<\/strong><br \/>\n<strong>Futomaki Wegetaria\u0144skie 12 szt.<\/strong><br \/>\n<strong>California Krab Tobiko 8 szt.<\/strong><br \/>\n<strong>California \u0141oso\u015b 8 szt.<\/strong><br \/>\n<strong>California gotowany \u0142oso\u015b 8 szt.<\/strong><br \/>\n<strong>Hosomaki Og\u00f3rek 8 szt.<\/strong><br \/>\n<strong>Paluszek Krabowy 8 szt.<\/strong><br \/>\n<strong>Rzepa 8 szt.<\/strong><br \/>\n<strong>\u0141oso\u015b 8 szt.<\/strong><br \/>\n<strong>Tykwa 8 szt.<\/strong><\/p>\n<p>&nbsp;<\/p>\n<p>* bez zmian konfiguracji zestawu<\/p>\n<p>* zdj\u0119cie ma charakter pogl\u0105dowy<\/p>\n","protected":false},"excerpt":{"rendered":"<p>Futomaki Philadelphia \u0141oso\u015b 6 szt. Futomaki Ma\u015blana Pieczona 6 szt. Futomaki Hirame Temputra 6 szt. Futomaki Pieczony loso\u015b 6 szt. Futomaki Wegetaria\u0144skie 12 szt. California Krab Tobiko 8 szt. California \u0141oso\u015b 8 szt. California gotowany \u0142oso\u015b 8 szt. Hosomaki Og\u00f3rek 8 szt. Paluszek Krabowy 8 szt. Rzepa 8 szt. \u0141oso\u015b 8 szt. Tykwa 8 szt. [&hellip;]<\/p>\n","protected":false},"featured_media":2094,"template":"","meta":{"_acf_changed":false},"product_brand":[],"product_cat":[63],"product_tag":[],"class_list":{"0":"post-2622","1":"product","2":"type-product","3":"status-publish","4":"has-post-thumbnail","6":"product_cat-nowe-zestawy","8":"first","9":"instock","10":"shipping-taxable","11":"purchasable","12":"product-type-simple"},"acf":[],"_links":{"self":[{"href":"https:\/\/panrest.com\/yamada-sushi-bialoleka\/wp-json\/wp\/v2\/product\/2622","targetHints":{"allow":["GET"]}}],"collection":[{"href":"https:\/\/panrest.com\/yamada-sushi-bialoleka\/wp-json\/wp\/v2\/product"}],"about":[{"href":"https:\/\/panrest.com\/yamada-sushi-bialoleka\/wp-json\/wp\/v2\/types\/product"}],"wp:featuredmedia":[{"embeddable":true,"href":"https:\/\/panrest.com\/yamada-sushi-bialoleka\/wp-json\/wp\/v2\/media\/2094"}],"wp:attachment":[{"href":"https:\/\/panrest.com\/yamada-sushi-bialoleka\/wp-json\/wp\/v2\/media?parent=2622"}],"wp:term":[{"taxonomy":"product_brand","embeddable":true,"href":"https:\/\/panrest.com\/yamada-sushi-bialoleka\/wp-json\/wp\/v2\/product_brand?post=2622"},{"taxonomy":"product_cat","embeddable":true,"href":"https:\/\/panrest.com\/yamada-sushi-bialoleka\/wp-json\/wp\/v2\/product_cat?post=2622"},{"taxonomy":"product_tag","embeddable":true,"href":"https:\/\/panrest.com\/yamada-sushi-bialoleka\/wp-json\/wp\/v2\/product_tag?post=2622"}],"curies":[{"name":"wp","href":"https:\/\/api.w.org\/{rel}","templated":true}]}}