{"id":2579,"date":"2025-07-30T10:13:02","date_gmt":"2025-07-30T08:13:02","guid":{"rendered":"https:\/\/panrest.com\/yamada-sushi-bialoleka\/?post_type=product&#038;p=2579"},"modified":"2025-07-30T10:13:55","modified_gmt":"2025-07-30T08:13:55","slug":"kokoro-set-38-szt","status":"publish","type":"product","link":"https:\/\/panrest.com\/yamada-sushi-bialoleka\/produkt\/kokoro-set-38-szt\/","title":{"rendered":"KOKORO SET 38 SZT."},"content":{"rendered":"<p>Futomaki krewetka w tempurze 6 szt.<br \/>\nFutomaki philadelphia \u0142oso\u015b 6 szt.<br \/>\nFutomaki halibut w tempurze 6 szt.<br \/>\nCalifornia ebi gold 4 szt.<br \/>\nCalifornia \u0142oso\u015b i tobiko 4 szt.<br \/>\nHosomaki sake kyu &#8211; \u0142oso\u015b &amp; og\u00f3rek 4 szt.<br \/>\nHosomaki oshinko kyu na ostro w tempurze 4 szt.<br \/>\nin tempura 4 pcs<br \/>\nHosomaki awokado i majonez 4 szt.<\/p>\n<p>* zdj\u0119cie ma charakter pogl\u0105dowy<\/p>\n","protected":false},"excerpt":{"rendered":"<p>Futomaki krewetka w tempurze 6 szt.<br \/>\nFutomaki philadelphia \u0142oso\u015b 6 szt.<br \/>\nFutomaki halibut w tempurze 6 szt.<br \/>\nCalifornia ebi gold 4 szt.<br \/>\nCalifornia \u0142oso\u015b i tobiko 4 szt.<br \/>\nHosomaki sake kyu &#8211; \u0142oso\u015b &amp; og\u00f3rek 4 szt.<br \/>\nHosomaki oshinko kyu na ostro w tempurze 4 szt.<br \/>\nin tempura 4 pcs<br \/>\nHosomaki awokado i majonez 4 szt.<\/p>\n<p>* zdj\u0119cie ma charakter pogl\u0105dowy<\/p>\n","protected":false},"featured_media":2365,"template":"","meta":{"_acf_changed":false},"product_brand":[],"product_cat":[61],"product_tag":[],"class_list":{"0":"post-2579","1":"product","2":"type-product","3":"status-publish","4":"has-post-thumbnail","6":"product_cat-promocyjne-zestawy-sushi","8":"first","9":"instock","10":"shipping-taxable","11":"purchasable","12":"product-type-simple"},"acf":[],"_links":{"self":[{"href":"https:\/\/panrest.com\/yamada-sushi-bialoleka\/wp-json\/wp\/v2\/product\/2579","targetHints":{"allow":["GET"]}}],"collection":[{"href":"https:\/\/panrest.com\/yamada-sushi-bialoleka\/wp-json\/wp\/v2\/product"}],"about":[{"href":"https:\/\/panrest.com\/yamada-sushi-bialoleka\/wp-json\/wp\/v2\/types\/product"}],"wp:featuredmedia":[{"embeddable":true,"href":"https:\/\/panrest.com\/yamada-sushi-bialoleka\/wp-json\/wp\/v2\/media\/2365"}],"wp:attachment":[{"href":"https:\/\/panrest.com\/yamada-sushi-bialoleka\/wp-json\/wp\/v2\/media?parent=2579"}],"wp:term":[{"taxonomy":"product_brand","embeddable":true,"href":"https:\/\/panrest.com\/yamada-sushi-bialoleka\/wp-json\/wp\/v2\/product_brand?post=2579"},{"taxonomy":"product_cat","embeddable":true,"href":"https:\/\/panrest.com\/yamada-sushi-bialoleka\/wp-json\/wp\/v2\/product_cat?post=2579"},{"taxonomy":"product_tag","embeddable":true,"href":"https:\/\/panrest.com\/yamada-sushi-bialoleka\/wp-json\/wp\/v2\/product_tag?post=2579"}],"curies":[{"name":"wp","href":"https:\/\/api.w.org\/{rel}","templated":true}]}}