{"id":2577,"date":"2025-07-30T10:12:59","date_gmt":"2025-07-30T08:12:59","guid":{"rendered":"https:\/\/panrest.com\/yamada-sushi-bialoleka\/?post_type=product&#038;p=2577"},"modified":"2025-07-30T10:13:53","modified_gmt":"2025-07-30T08:13:53","slug":"akan-set-46-szt","status":"publish","type":"product","link":"https:\/\/panrest.com\/yamada-sushi-bialoleka\/produkt\/akan-set-46-szt\/","title":{"rendered":"AKAN SET 46 SZT."},"content":{"rendered":"<p>Futomaki Philadelphia \u0142oso\u015b 6szt.<br \/>\nFutomaki hirame w tempurze 6 szt.<br \/>\nFutomaki pieczony \u0142oso\u015b 6 szt.<br \/>\nCalifornia maki Gold 8 szt.<br \/>\nCalifornia maki tu\u0144czyk 8 szt.<br \/>\nHosomaki pieczony \u0142oso\u015b 8 szt.<br \/>\nNigiri \u0142oso\u015b 2 szt.<br \/>\nNigiri tu\u0144czyk 2 szt.<\/p>\n<p>* zdj\u0119cie ma charakter pogl\u0105dowy<\/p>\n","protected":false},"excerpt":{"rendered":"<p>Futomaki Philadelphia \u0142oso\u015b 6szt. Futomaki hirame w tempurze 6 szt. Futomaki pieczony \u0142oso\u015b 6 szt. California maki Gold 8 szt. California maki tu\u0144czyk 8 szt. Hosomaki pieczony \u0142oso\u015b 8 szt. Nigiri \u0142oso\u015b 2 szt. Nigiri tu\u0144czyk 2 szt. * zdj\u0119cie ma charakter pogl\u0105dowy<\/p>\n","protected":false},"featured_media":2363,"template":"","meta":{"_acf_changed":false},"product_brand":[],"product_cat":[61],"product_tag":[],"class_list":{"0":"post-2577","1":"product","2":"type-product","3":"status-publish","4":"has-post-thumbnail","6":"product_cat-promocyjne-zestawy-sushi","8":"first","9":"instock","10":"shipping-taxable","11":"purchasable","12":"product-type-simple"},"acf":[],"_links":{"self":[{"href":"https:\/\/panrest.com\/yamada-sushi-bialoleka\/wp-json\/wp\/v2\/product\/2577","targetHints":{"allow":["GET"]}}],"collection":[{"href":"https:\/\/panrest.com\/yamada-sushi-bialoleka\/wp-json\/wp\/v2\/product"}],"about":[{"href":"https:\/\/panrest.com\/yamada-sushi-bialoleka\/wp-json\/wp\/v2\/types\/product"}],"wp:featuredmedia":[{"embeddable":true,"href":"https:\/\/panrest.com\/yamada-sushi-bialoleka\/wp-json\/wp\/v2\/media\/2363"}],"wp:attachment":[{"href":"https:\/\/panrest.com\/yamada-sushi-bialoleka\/wp-json\/wp\/v2\/media?parent=2577"}],"wp:term":[{"taxonomy":"product_brand","embeddable":true,"href":"https:\/\/panrest.com\/yamada-sushi-bialoleka\/wp-json\/wp\/v2\/product_brand?post=2577"},{"taxonomy":"product_cat","embeddable":true,"href":"https:\/\/panrest.com\/yamada-sushi-bialoleka\/wp-json\/wp\/v2\/product_cat?post=2577"},{"taxonomy":"product_tag","embeddable":true,"href":"https:\/\/panrest.com\/yamada-sushi-bialoleka\/wp-json\/wp\/v2\/product_tag?post=2577"}],"curies":[{"name":"wp","href":"https:\/\/api.w.org\/{rel}","templated":true}]}}