{"id":2569,"date":"2025-07-30T10:12:29","date_gmt":"2025-07-30T08:12:29","guid":{"rendered":"https:\/\/panrest.com\/yamada-sushi-bialoleka\/?post_type=product&#038;p=2569"},"modified":"2025-07-30T10:13:24","modified_gmt":"2025-07-30T08:13:24","slug":"pokebowl-z-lososiem","status":"publish","type":"product","link":"https:\/\/panrest.com\/yamada-sushi-bialoleka\/produkt\/pokebowl-z-lososiem\/","title":{"rendered":"Pokebowl z \u0141ososiem"},"content":{"rendered":"<p>Ry\u017c, Tu\u0144czyk Marynowany, Mango, Edamame, Awokado, Marchewka, Tykwa ,trawa Morska,<br \/>\nSezam, Majonez japo\u0144ski<\/p>\n","protected":false},"excerpt":{"rendered":"<p>Ry\u017c, Tu\u0144czyk Marynowany, Mango, Edamame, Awokado, Marchewka, Tykwa ,trawa Morska,<br \/>\nSezam, Majonez japo\u0144ski<\/p>\n","protected":false},"featured_media":2349,"template":"","meta":{"_acf_changed":false},"product_brand":[],"product_cat":[58],"product_tag":[],"class_list":{"0":"post-2569","1":"product","2":"type-product","3":"status-publish","4":"has-post-thumbnail","6":"product_cat-pokebowl","8":"first","9":"instock","10":"shipping-taxable","11":"purchasable","12":"product-type-simple"},"acf":[],"_links":{"self":[{"href":"https:\/\/panrest.com\/yamada-sushi-bialoleka\/wp-json\/wp\/v2\/product\/2569","targetHints":{"allow":["GET"]}}],"collection":[{"href":"https:\/\/panrest.com\/yamada-sushi-bialoleka\/wp-json\/wp\/v2\/product"}],"about":[{"href":"https:\/\/panrest.com\/yamada-sushi-bialoleka\/wp-json\/wp\/v2\/types\/product"}],"wp:featuredmedia":[{"embeddable":true,"href":"https:\/\/panrest.com\/yamada-sushi-bialoleka\/wp-json\/wp\/v2\/media\/2349"}],"wp:attachment":[{"href":"https:\/\/panrest.com\/yamada-sushi-bialoleka\/wp-json\/wp\/v2\/media?parent=2569"}],"wp:term":[{"taxonomy":"product_brand","embeddable":true,"href":"https:\/\/panrest.com\/yamada-sushi-bialoleka\/wp-json\/wp\/v2\/product_brand?post=2569"},{"taxonomy":"product_cat","embeddable":true,"href":"https:\/\/panrest.com\/yamada-sushi-bialoleka\/wp-json\/wp\/v2\/product_cat?post=2569"},{"taxonomy":"product_tag","embeddable":true,"href":"https:\/\/panrest.com\/yamada-sushi-bialoleka\/wp-json\/wp\/v2\/product_tag?post=2569"}],"curies":[{"name":"wp","href":"https:\/\/api.w.org\/{rel}","templated":true}]}}