{"id":2451,"date":"2025-07-30T10:08:40","date_gmt":"2025-07-30T08:08:40","guid":{"rendered":"https:\/\/panrest.com\/yamada-sushi-bialoleka\/?post_type=product&#038;p=2451"},"modified":"2025-07-30T10:11:28","modified_gmt":"2025-07-30T08:11:28","slug":"zestaw-b-pieczony-14-szt","status":"publish","type":"product","link":"https:\/\/panrest.com\/yamada-sushi-bialoleka\/produkt\/zestaw-b-pieczony-14-szt\/","title":{"rendered":"Zestaw B Pieczony 14 szt"},"content":{"rendered":"<div>Futomaki pieczona ma\u015blana 6 szt<\/div>\n<div>Hosomaki \u0142oso\u015b, awokado, og\u00f3rek, oshinko 8 szt.<\/div>\n<p>&nbsp;<\/p>\n","protected":false},"excerpt":{"rendered":"<div>Futomaki pieczona ma\u015blana 6 szt<\/div>\n<div>Hosomaki \u0142oso\u015b, awokado, og\u00f3rek, oshinko 8 szt.<\/div>\n","protected":false},"featured_media":2167,"template":"","meta":{"_acf_changed":false},"product_brand":[],"product_cat":[42],"product_tag":[],"class_list":{"0":"post-2451","1":"product","2":"type-product","3":"status-publish","4":"has-post-thumbnail","6":"product_cat-mini-zestawy","8":"first","9":"instock","10":"shipping-taxable","11":"purchasable","12":"product-type-variable"},"acf":[],"_links":{"self":[{"href":"https:\/\/panrest.com\/yamada-sushi-bialoleka\/wp-json\/wp\/v2\/product\/2451","targetHints":{"allow":["GET"]}}],"collection":[{"href":"https:\/\/panrest.com\/yamada-sushi-bialoleka\/wp-json\/wp\/v2\/product"}],"about":[{"href":"https:\/\/panrest.com\/yamada-sushi-bialoleka\/wp-json\/wp\/v2\/types\/product"}],"wp:featuredmedia":[{"embeddable":true,"href":"https:\/\/panrest.com\/yamada-sushi-bialoleka\/wp-json\/wp\/v2\/media\/2167"}],"wp:attachment":[{"href":"https:\/\/panrest.com\/yamada-sushi-bialoleka\/wp-json\/wp\/v2\/media?parent=2451"}],"wp:term":[{"taxonomy":"product_brand","embeddable":true,"href":"https:\/\/panrest.com\/yamada-sushi-bialoleka\/wp-json\/wp\/v2\/product_brand?post=2451"},{"taxonomy":"product_cat","embeddable":true,"href":"https:\/\/panrest.com\/yamada-sushi-bialoleka\/wp-json\/wp\/v2\/product_cat?post=2451"},{"taxonomy":"product_tag","embeddable":true,"href":"https:\/\/panrest.com\/yamada-sushi-bialoleka\/wp-json\/wp\/v2\/product_tag?post=2451"}],"curies":[{"name":"wp","href":"https:\/\/api.w.org\/{rel}","templated":true}]}}