{"id":2582,"date":"2025-03-13T12:45:56","date_gmt":"2025-03-13T11:45:56","guid":{"rendered":"https:\/\/panrest.com\/sea-burger-mokotow\/?post_type=product&#038;p=2582"},"modified":"2025-03-16T11:48:25","modified_gmt":"2025-03-16T10:48:25","slug":"plburrito-losos","status":"publish","type":"product","link":"https:\/\/panrest.com\/sea-burger-mokotow\/produkt\/plburrito-losos\/","title":{"rendered":"Burrito \u0142oso\u015b"},"content":{"rendered":"","protected":false},"excerpt":{"rendered":"<p>\u0142oso\u015b<br \/>\nawokado<br \/>\nmango<br \/>\nog\u00f3rek<br \/>\nser philadelphia<\/p>\n","protected":false},"featured_media":2611,"template":"","meta":{"_acf_changed":false},"product_brand":[],"product_cat":[94],"product_tag":[],"class_list":{"0":"post-2582","1":"product","2":"type-product","3":"status-publish","4":"has-post-thumbnail","6":"product_cat-burrito","8":"first","9":"instock","10":"shipping-taxable","11":"purchasable","12":"product-type-simple"},"acf":[],"_links":{"self":[{"href":"https:\/\/panrest.com\/sea-burger-mokotow\/wp-json\/wp\/v2\/product\/2582","targetHints":{"allow":["GET"]}}],"collection":[{"href":"https:\/\/panrest.com\/sea-burger-mokotow\/wp-json\/wp\/v2\/product"}],"about":[{"href":"https:\/\/panrest.com\/sea-burger-mokotow\/wp-json\/wp\/v2\/types\/product"}],"wp:featuredmedia":[{"embeddable":true,"href":"https:\/\/panrest.com\/sea-burger-mokotow\/wp-json\/wp\/v2\/media\/2611"}],"wp:attachment":[{"href":"https:\/\/panrest.com\/sea-burger-mokotow\/wp-json\/wp\/v2\/media?parent=2582"}],"wp:term":[{"taxonomy":"product_brand","embeddable":true,"href":"https:\/\/panrest.com\/sea-burger-mokotow\/wp-json\/wp\/v2\/product_brand?post=2582"},{"taxonomy":"product_cat","embeddable":true,"href":"https:\/\/panrest.com\/sea-burger-mokotow\/wp-json\/wp\/v2\/product_cat?post=2582"},{"taxonomy":"product_tag","embeddable":true,"href":"https:\/\/panrest.com\/sea-burger-mokotow\/wp-json\/wp\/v2\/product_tag?post=2582"}],"curies":[{"name":"wp","href":"https:\/\/api.w.org\/{rel}","templated":true}]}}