{"id":2542,"date":"2025-03-17T12:04:31","date_gmt":"2025-03-17T11:04:31","guid":{"rendered":"https:\/\/panrest.com\/sea-burger-bialolenka\/?post_type=product&#038;p=2542"},"modified":"2025-03-17T12:07:15","modified_gmt":"2025-03-17T11:07:15","slug":"burrito-losos","status":"publish","type":"product","link":"https:\/\/panrest.com\/sea-burger-bialolenka\/produkt\/burrito-losos\/","title":{"rendered":"Burrito \u0142oso\u015b"},"content":{"rendered":"","protected":false},"excerpt":{"rendered":"<p>\u0142oso\u015b<br \/>\nawokado<br \/>\nmango<br \/>\nog\u00f3rek<br \/>\nser philadelphia<\/p>\n","protected":false},"featured_media":2571,"template":"","meta":{"_acf_changed":false},"product_brand":[],"product_cat":[101],"product_tag":[],"class_list":{"0":"post-2542","1":"product","2":"type-product","3":"status-publish","4":"has-post-thumbnail","6":"product_cat-burrito","8":"first","9":"instock","10":"shipping-taxable","11":"purchasable","12":"product-type-simple"},"acf":[],"_links":{"self":[{"href":"https:\/\/panrest.com\/sea-burger-bialolenka\/wp-json\/wp\/v2\/product\/2542","targetHints":{"allow":["GET"]}}],"collection":[{"href":"https:\/\/panrest.com\/sea-burger-bialolenka\/wp-json\/wp\/v2\/product"}],"about":[{"href":"https:\/\/panrest.com\/sea-burger-bialolenka\/wp-json\/wp\/v2\/types\/product"}],"wp:featuredmedia":[{"embeddable":true,"href":"https:\/\/panrest.com\/sea-burger-bialolenka\/wp-json\/wp\/v2\/media\/2571"}],"wp:attachment":[{"href":"https:\/\/panrest.com\/sea-burger-bialolenka\/wp-json\/wp\/v2\/media?parent=2542"}],"wp:term":[{"taxonomy":"product_brand","embeddable":true,"href":"https:\/\/panrest.com\/sea-burger-bialolenka\/wp-json\/wp\/v2\/product_brand?post=2542"},{"taxonomy":"product_cat","embeddable":true,"href":"https:\/\/panrest.com\/sea-burger-bialolenka\/wp-json\/wp\/v2\/product_cat?post=2542"},{"taxonomy":"product_tag","embeddable":true,"href":"https:\/\/panrest.com\/sea-burger-bialolenka\/wp-json\/wp\/v2\/product_tag?post=2542"}],"curies":[{"name":"wp","href":"https:\/\/api.w.org\/{rel}","templated":true}]}}