{"id":2529,"date":"2025-03-17T12:04:21","date_gmt":"2025-03-17T11:04:21","guid":{"rendered":"https:\/\/panrest.com\/sea-burger-bialolenka\/?post_type=product&#038;p=2529"},"modified":"2025-03-17T12:06:36","modified_gmt":"2025-03-17T11:06:36","slug":"grilowany-losos","status":"publish","type":"product","link":"https:\/\/panrest.com\/sea-burger-bialolenka\/produkt\/grilowany-losos\/","title":{"rendered":"Grilowany \u0142oso\u015b"},"content":{"rendered":"","protected":false},"excerpt":{"rendered":"<p>podawane z ry\u017cem<\/p>\n","protected":false},"featured_media":2564,"template":"","meta":{"_acf_changed":false},"product_brand":[],"product_cat":[99],"product_tag":[],"class_list":{"0":"post-2529","1":"product","2":"type-product","3":"status-publish","4":"has-post-thumbnail","6":"product_cat-dania-glowne","8":"first","9":"instock","10":"shipping-taxable","11":"purchasable","12":"product-type-simple"},"acf":[],"_links":{"self":[{"href":"https:\/\/panrest.com\/sea-burger-bialolenka\/wp-json\/wp\/v2\/product\/2529","targetHints":{"allow":["GET"]}}],"collection":[{"href":"https:\/\/panrest.com\/sea-burger-bialolenka\/wp-json\/wp\/v2\/product"}],"about":[{"href":"https:\/\/panrest.com\/sea-burger-bialolenka\/wp-json\/wp\/v2\/types\/product"}],"wp:featuredmedia":[{"embeddable":true,"href":"https:\/\/panrest.com\/sea-burger-bialolenka\/wp-json\/wp\/v2\/media\/2564"}],"wp:attachment":[{"href":"https:\/\/panrest.com\/sea-burger-bialolenka\/wp-json\/wp\/v2\/media?parent=2529"}],"wp:term":[{"taxonomy":"product_brand","embeddable":true,"href":"https:\/\/panrest.com\/sea-burger-bialolenka\/wp-json\/wp\/v2\/product_brand?post=2529"},{"taxonomy":"product_cat","embeddable":true,"href":"https:\/\/panrest.com\/sea-burger-bialolenka\/wp-json\/wp\/v2\/product_cat?post=2529"},{"taxonomy":"product_tag","embeddable":true,"href":"https:\/\/panrest.com\/sea-burger-bialolenka\/wp-json\/wp\/v2\/product_tag?post=2529"}],"curies":[{"name":"wp","href":"https:\/\/api.w.org\/{rel}","templated":true}]}}