{"id":2922,"date":"2025-01-19T12:21:07","date_gmt":"2025-01-19T11:21:07","guid":{"rendered":"https:\/\/panrest.com\/rioni\/?post_type=product&#038;p=2922"},"modified":"2025-01-21T09:49:54","modified_gmt":"2025-01-21T08:49:54","slug":"plsalatka-gruzinska","status":"publish","type":"product","link":"https:\/\/panrest.com\/rioni\/produkt\/plsalatka-gruzinska\/","title":{"rendered":"Sa\u0142atka Gruzi\u0144ska"},"content":{"rendered":"<p>pomidor, og\u00f3rek, pietruszka, ser feta, czerwona cebula, ocet balsamiczny, przyprawy<\/p>\n","protected":false},"excerpt":{"rendered":"<p>pomidor, og\u00f3rek, pietruszka, ser feta, czerwona cebula, ocet balsamiczny, przyprawy<\/p>\n","protected":false},"featured_media":2789,"template":"","meta":{"_acf_changed":false},"product_brand":[],"product_cat":[51],"product_tag":[],"class_list":{"0":"post-2922","1":"product","2":"type-product","3":"status-publish","4":"has-post-thumbnail","6":"product_cat-salatki","8":"first","9":"instock","10":"shipping-taxable","11":"purchasable","12":"product-type-simple"},"acf":[],"_links":{"self":[{"href":"https:\/\/panrest.com\/rioni\/wp-json\/wp\/v2\/product\/2922","targetHints":{"allow":["GET"]}}],"collection":[{"href":"https:\/\/panrest.com\/rioni\/wp-json\/wp\/v2\/product"}],"about":[{"href":"https:\/\/panrest.com\/rioni\/wp-json\/wp\/v2\/types\/product"}],"wp:featuredmedia":[{"embeddable":true,"href":"https:\/\/panrest.com\/rioni\/wp-json\/wp\/v2\/media\/2789"}],"wp:attachment":[{"href":"https:\/\/panrest.com\/rioni\/wp-json\/wp\/v2\/media?parent=2922"}],"wp:term":[{"taxonomy":"product_brand","embeddable":true,"href":"https:\/\/panrest.com\/rioni\/wp-json\/wp\/v2\/product_brand?post=2922"},{"taxonomy":"product_cat","embeddable":true,"href":"https:\/\/panrest.com\/rioni\/wp-json\/wp\/v2\/product_cat?post=2922"},{"taxonomy":"product_tag","embeddable":true,"href":"https:\/\/panrest.com\/rioni\/wp-json\/wp\/v2\/product_tag?post=2922"}],"curies":[{"name":"wp","href":"https:\/\/api.w.org\/{rel}","templated":true}]}}