{"id":2916,"date":"2025-01-19T12:21:02","date_gmt":"2025-01-19T11:21:02","guid":{"rendered":"https:\/\/panrest.com\/rioni\/?post_type=product&#038;p=2916"},"modified":"2025-09-10T11:37:42","modified_gmt":"2025-09-10T09:37:42","slug":"plpielmieni-z-indykiem-14-szt","status":"publish","type":"product","link":"https:\/\/panrest.com\/rioni\/produkt\/plpielmieni-z-indykiem-14-szt\/","title":{"rendered":"Pielmieni z indykiem 14 szt."},"content":{"rendered":"<p>Piero\u017cki z mi\u0119sem z indyka podawane z mas\u0142em i \u015bmietan\u0105<\/p>\n","protected":false},"excerpt":{"rendered":"<p>Piero\u017cki z mi\u0119sem z indyka podawane z mas\u0142em i \u015bmietan\u0105<\/p>\n","protected":false},"featured_media":2778,"template":"","meta":{"_acf_changed":false},"product_brand":[],"product_cat":[49],"product_tag":[],"class_list":{"0":"post-2916","1":"product","2":"type-product","3":"status-publish","4":"has-post-thumbnail","6":"product_cat-dania-glowne","8":"first","9":"instock","10":"shipping-taxable","11":"purchasable","12":"product-type-simple"},"acf":[],"_links":{"self":[{"href":"https:\/\/panrest.com\/rioni\/wp-json\/wp\/v2\/product\/2916","targetHints":{"allow":["GET"]}}],"collection":[{"href":"https:\/\/panrest.com\/rioni\/wp-json\/wp\/v2\/product"}],"about":[{"href":"https:\/\/panrest.com\/rioni\/wp-json\/wp\/v2\/types\/product"}],"wp:featuredmedia":[{"embeddable":true,"href":"https:\/\/panrest.com\/rioni\/wp-json\/wp\/v2\/media\/2778"}],"wp:attachment":[{"href":"https:\/\/panrest.com\/rioni\/wp-json\/wp\/v2\/media?parent=2916"}],"wp:term":[{"taxonomy":"product_brand","embeddable":true,"href":"https:\/\/panrest.com\/rioni\/wp-json\/wp\/v2\/product_brand?post=2916"},{"taxonomy":"product_cat","embeddable":true,"href":"https:\/\/panrest.com\/rioni\/wp-json\/wp\/v2\/product_cat?post=2916"},{"taxonomy":"product_tag","embeddable":true,"href":"https:\/\/panrest.com\/rioni\/wp-json\/wp\/v2\/product_tag?post=2916"}],"curies":[{"name":"wp","href":"https:\/\/api.w.org\/{rel}","templated":true}]}}