{"id":2340,"date":"2025-03-05T19:50:11","date_gmt":"2025-03-05T18:50:11","guid":{"rendered":"https:\/\/panrest.com\/rbmpraga\/?post_type=product&#038;p=2340"},"modified":"2025-06-16T12:59:30","modified_gmt":"2025-06-16T10:59:30","slug":"zestaw-lososiowy-raj-62-szt","status":"publish","type":"product","link":"https:\/\/panrest.com\/rbmpraga\/produkt\/zestaw-lososiowy-raj-62-szt\/","title":{"rendered":"ZESTAW \u0141OSOSIOWY RAJ 62 SZT."},"content":{"rendered":"<p>Nigiri \u0142oso\u015b 4 szt.<br \/>\nFutomaki Philadelphia Z \u0141ososiem 12 Szt\u2028.<br \/>\nFutomaki Pieczony \u0141oso\u015b 12 Szt.<br \/>\nFutimaki \u0141oso\u015b Z Porem Na Ostro 12Szt\u2028.<br \/>\nCalifornia \u0141oso\u015b 8 Szt.<br \/>\nHosomaki \u0141oso\u015b 8 Szt.<br \/>\nTatar Z \u0141ososia W Tempurze 6 Szt.<\/p>\n","protected":false},"excerpt":{"rendered":"<p><strong>Futomaki pieczony \u0142oso\u015b 12 szt.\u00a0<\/strong><br \/>\n<strong>Futomaki philadelphia \u0142oso\u015b 12 szt.\u00a0<\/strong><br \/>\n<strong>Futomaki \u0142oso\u015b na ostro 12 szt.\u00a0<\/strong><br \/>\n<strong>Futomaki tatar z \u0142ososia w tempurze 6 szt.\u00a0<\/strong><br \/>\n<strong>California maki \u0142oso\u015b 8 szt.\u00a0<\/strong><br \/>\n<strong>Hosomaki \u0142oso\u015b 8 szt.\u00a0<\/strong><br \/>\n<strong>Nigiri \u0142oso\u015b 4 szt.<\/strong><\/p>\n<p>&nbsp;<\/p>\n<p>* zdj\u0119cie ma charakter pogl\u0105dowy<\/p>\n","protected":false},"featured_media":2376,"template":"","meta":{"_acf_changed":false},"product_brand":[],"product_cat":[15],"product_tag":[],"class_list":{"0":"post-2340","1":"product","2":"type-product","3":"status-publish","4":"has-post-thumbnail","6":"product_cat-bez-kategorii","8":"first","9":"instock","10":"shipping-taxable","11":"purchasable","12":"product-type-variable"},"acf":[],"_links":{"self":[{"href":"https:\/\/panrest.com\/rbmpraga\/wp-json\/wp\/v2\/product\/2340","targetHints":{"allow":["GET"]}}],"collection":[{"href":"https:\/\/panrest.com\/rbmpraga\/wp-json\/wp\/v2\/product"}],"about":[{"href":"https:\/\/panrest.com\/rbmpraga\/wp-json\/wp\/v2\/types\/product"}],"wp:featuredmedia":[{"embeddable":true,"href":"https:\/\/panrest.com\/rbmpraga\/wp-json\/wp\/v2\/media\/2376"}],"wp:attachment":[{"href":"https:\/\/panrest.com\/rbmpraga\/wp-json\/wp\/v2\/media?parent=2340"}],"wp:term":[{"taxonomy":"product_brand","embeddable":true,"href":"https:\/\/panrest.com\/rbmpraga\/wp-json\/wp\/v2\/product_brand?post=2340"},{"taxonomy":"product_cat","embeddable":true,"href":"https:\/\/panrest.com\/rbmpraga\/wp-json\/wp\/v2\/product_cat?post=2340"},{"taxonomy":"product_tag","embeddable":true,"href":"https:\/\/panrest.com\/rbmpraga\/wp-json\/wp\/v2\/product_tag?post=2340"}],"curies":[{"name":"wp","href":"https:\/\/api.w.org\/{rel}","templated":true}]}}