{"id":2324,"date":"2025-03-05T19:49:19","date_gmt":"2025-03-05T18:49:19","guid":{"rendered":"https:\/\/panrest.com\/rbmpraga\/?post_type=product&#038;p=2324"},"modified":"2025-06-16T12:59:37","modified_gmt":"2025-06-16T10:59:37","slug":"plhosomaki-w-platku-sojowym-z-ogorkiemenhosomaki-w-platku-sojowym-z-ogorkiem","status":"publish","type":"product","link":"https:\/\/panrest.com\/rbmpraga\/produkt\/plhosomaki-w-platku-sojowym-z-ogorkiemenhosomaki-w-platku-sojowym-z-ogorkiem\/","title":{"rendered":"[:pl]HOSOMAKI W P\u0141ATKU SOJOWYM Z OG\u00d3RKIEM[:en]Hosomaki w p\u0142atku sojowym z og\u00f3rkiem[:]"},"content":{"rendered":"","protected":false},"excerpt":{"rendered":"<p>[:pl]* zdj\u0119cie ma charakter pogl\u0105dowy[:]<\/p>\n","protected":false},"featured_media":2370,"template":"","meta":{"_acf_changed":false},"product_brand":[],"product_cat":[58],"product_tag":[],"class_list":{"0":"post-2324","1":"product","2":"type-product","3":"status-publish","4":"has-post-thumbnail","6":"product_cat-dla-dzieci","8":"first","9":"instock","10":"sale","11":"shipping-taxable","12":"purchasable","13":"product-type-simple"},"acf":[],"_links":{"self":[{"href":"https:\/\/panrest.com\/rbmpraga\/wp-json\/wp\/v2\/product\/2324","targetHints":{"allow":["GET"]}}],"collection":[{"href":"https:\/\/panrest.com\/rbmpraga\/wp-json\/wp\/v2\/product"}],"about":[{"href":"https:\/\/panrest.com\/rbmpraga\/wp-json\/wp\/v2\/types\/product"}],"wp:featuredmedia":[{"embeddable":true,"href":"https:\/\/panrest.com\/rbmpraga\/wp-json\/wp\/v2\/media\/2370"}],"wp:attachment":[{"href":"https:\/\/panrest.com\/rbmpraga\/wp-json\/wp\/v2\/media?parent=2324"}],"wp:term":[{"taxonomy":"product_brand","embeddable":true,"href":"https:\/\/panrest.com\/rbmpraga\/wp-json\/wp\/v2\/product_brand?post=2324"},{"taxonomy":"product_cat","embeddable":true,"href":"https:\/\/panrest.com\/rbmpraga\/wp-json\/wp\/v2\/product_cat?post=2324"},{"taxonomy":"product_tag","embeddable":true,"href":"https:\/\/panrest.com\/rbmpraga\/wp-json\/wp\/v2\/product_tag?post=2324"}],"curies":[{"name":"wp","href":"https:\/\/api.w.org\/{rel}","templated":true}]}}