{"id":2322,"date":"2025-03-05T19:49:17","date_gmt":"2025-03-05T18:49:17","guid":{"rendered":"https:\/\/panrest.com\/rbmpraga\/?post_type=product&#038;p=2322"},"modified":"2025-06-16T12:59:39","modified_gmt":"2025-06-16T10:59:39","slug":"wegetarianski-miso-ramen","status":"publish","type":"product","link":"https:\/\/panrest.com\/rbmpraga\/produkt\/wegetarianski-miso-ramen\/","title":{"rendered":"WEGETARIA\u0143SKI MISO RAMEN"},"content":{"rendered":"","protected":false},"excerpt":{"rendered":"<p><strong>Restauracja Masami Sushi zaprasza na Wegetaria\u0144ski <\/strong><strong>Miso Ramen.<\/strong><\/p>\n<p><strong>Najlepsze i zawsze \u015bwie\u017ce sk\u0142adniki gwarantuj\u0105 nie zapomniany smak naszych Ramen\u00f3w.<\/strong><br \/>\n<strong>Wszystkie dania z naszego menu mo\u017cecie Pa\u0144stwo zam\u00f3wi\u0107 z dowozem do domu lub pracy.<\/strong><br \/>\n<strong>Tworzymy nasze dania z my\u015bl\u0105 o zaspokojeniu Pa\u0144stwa apetytu na dobr\u0105, zdrow\u0105 i smaczn\u0105 kuchni\u0119.<\/strong><\/p>\n<p>&nbsp;<\/p>\n<p>* zdj\u0119cie ma charakter pogl\u0105dowy<\/p>\n","protected":false},"featured_media":2359,"template":"","meta":{"_acf_changed":false},"product_brand":[],"product_cat":[68],"product_tag":[],"class_list":{"0":"post-2322","1":"product","2":"type-product","3":"status-publish","4":"has-post-thumbnail","6":"product_cat-ramen","8":"first","9":"instock","10":"sale","11":"shipping-taxable","12":"purchasable","13":"product-type-simple"},"acf":[],"_links":{"self":[{"href":"https:\/\/panrest.com\/rbmpraga\/wp-json\/wp\/v2\/product\/2322","targetHints":{"allow":["GET"]}}],"collection":[{"href":"https:\/\/panrest.com\/rbmpraga\/wp-json\/wp\/v2\/product"}],"about":[{"href":"https:\/\/panrest.com\/rbmpraga\/wp-json\/wp\/v2\/types\/product"}],"wp:featuredmedia":[{"embeddable":true,"href":"https:\/\/panrest.com\/rbmpraga\/wp-json\/wp\/v2\/media\/2359"}],"wp:attachment":[{"href":"https:\/\/panrest.com\/rbmpraga\/wp-json\/wp\/v2\/media?parent=2322"}],"wp:term":[{"taxonomy":"product_brand","embeddable":true,"href":"https:\/\/panrest.com\/rbmpraga\/wp-json\/wp\/v2\/product_brand?post=2322"},{"taxonomy":"product_cat","embeddable":true,"href":"https:\/\/panrest.com\/rbmpraga\/wp-json\/wp\/v2\/product_cat?post=2322"},{"taxonomy":"product_tag","embeddable":true,"href":"https:\/\/panrest.com\/rbmpraga\/wp-json\/wp\/v2\/product_tag?post=2322"}],"curies":[{"name":"wp","href":"https:\/\/api.w.org\/{rel}","templated":true}]}}