{"id":2298,"date":"2025-03-05T19:48:22","date_gmt":"2025-03-05T18:48:22","guid":{"rendered":"https:\/\/panrest.com\/rbmpraga\/?post_type=product&#038;p=2298"},"modified":"2025-06-16T12:59:43","modified_gmt":"2025-06-16T10:59:43","slug":"plsmazony-makaron-z-wolowinaensmazony-makaron-z-wolowina","status":"publish","type":"product","link":"https:\/\/panrest.com\/rbmpraga\/produkt\/plsmazony-makaron-z-wolowinaensmazony-makaron-z-wolowina\/","title":{"rendered":"SMA\u017bONY MAKARON Z WO\u0141OWIN\u0104"},"content":{"rendered":"","protected":false},"excerpt":{"rendered":"<p>* zdj\u0119cie ma charakter pogl\u0105dowy<\/p>\n","protected":false},"featured_media":2347,"template":"","meta":{"_acf_changed":false},"product_brand":[],"product_cat":[69],"product_tag":[],"class_list":{"0":"post-2298","1":"product","2":"type-product","3":"status-publish","4":"has-post-thumbnail","6":"product_cat-smazony-makaron","8":"first","9":"instock","10":"shipping-taxable","11":"purchasable","12":"product-type-variable"},"acf":[],"_links":{"self":[{"href":"https:\/\/panrest.com\/rbmpraga\/wp-json\/wp\/v2\/product\/2298","targetHints":{"allow":["GET"]}}],"collection":[{"href":"https:\/\/panrest.com\/rbmpraga\/wp-json\/wp\/v2\/product"}],"about":[{"href":"https:\/\/panrest.com\/rbmpraga\/wp-json\/wp\/v2\/types\/product"}],"wp:featuredmedia":[{"embeddable":true,"href":"https:\/\/panrest.com\/rbmpraga\/wp-json\/wp\/v2\/media\/2347"}],"wp:attachment":[{"href":"https:\/\/panrest.com\/rbmpraga\/wp-json\/wp\/v2\/media?parent=2298"}],"wp:term":[{"taxonomy":"product_brand","embeddable":true,"href":"https:\/\/panrest.com\/rbmpraga\/wp-json\/wp\/v2\/product_brand?post=2298"},{"taxonomy":"product_cat","embeddable":true,"href":"https:\/\/panrest.com\/rbmpraga\/wp-json\/wp\/v2\/product_cat?post=2298"},{"taxonomy":"product_tag","embeddable":true,"href":"https:\/\/panrest.com\/rbmpraga\/wp-json\/wp\/v2\/product_tag?post=2298"}],"curies":[{"name":"wp","href":"https:\/\/api.w.org\/{rel}","templated":true}]}}