{"id":2269,"date":"2025-03-05T19:47:30","date_gmt":"2025-03-05T18:47:30","guid":{"rendered":"https:\/\/panrest.com\/rbmpraga\/?post_type=product&#038;p=2269"},"modified":"2025-06-16T13:00:07","modified_gmt":"2025-06-16T11:00:07","slug":"plpierozki-szpinakoweenpierozki-szpinakowe","status":"publish","type":"product","link":"https:\/\/panrest.com\/rbmpraga\/produkt\/plpierozki-szpinakoweenpierozki-szpinakowe\/","title":{"rendered":"PIERO\u017bKI SZPINAKOWE"},"content":{"rendered":"<p><span class=\"s1\"><i>(szpinak, ser camembert, ser mozzarella, ser gorgonzola, czosnek)<\/i><\/span><\/p>\n<p>Prawdziwa poezja smak\u00f3w od \u015bmietanowej delikatno\u015bci sko\u0144czywszy na aksamitnym smaku sera.<\/p>\n","protected":false},"excerpt":{"rendered":"<p>* zdj\u0119cie ma charakter pogl\u0105dowy<\/p>\n","protected":false},"featured_media":2300,"template":"","meta":{"_acf_changed":false},"product_brand":[],"product_cat":[67],"product_tag":[],"class_list":{"0":"post-2269","1":"product","2":"type-product","3":"status-publish","4":"has-post-thumbnail","6":"product_cat-pierozki-na-parze","8":"first","9":"instock","10":"sale","11":"shipping-taxable","12":"purchasable","13":"product-type-simple"},"acf":[],"_links":{"self":[{"href":"https:\/\/panrest.com\/rbmpraga\/wp-json\/wp\/v2\/product\/2269","targetHints":{"allow":["GET"]}}],"collection":[{"href":"https:\/\/panrest.com\/rbmpraga\/wp-json\/wp\/v2\/product"}],"about":[{"href":"https:\/\/panrest.com\/rbmpraga\/wp-json\/wp\/v2\/types\/product"}],"wp:featuredmedia":[{"embeddable":true,"href":"https:\/\/panrest.com\/rbmpraga\/wp-json\/wp\/v2\/media\/2300"}],"wp:attachment":[{"href":"https:\/\/panrest.com\/rbmpraga\/wp-json\/wp\/v2\/media?parent=2269"}],"wp:term":[{"taxonomy":"product_brand","embeddable":true,"href":"https:\/\/panrest.com\/rbmpraga\/wp-json\/wp\/v2\/product_brand?post=2269"},{"taxonomy":"product_cat","embeddable":true,"href":"https:\/\/panrest.com\/rbmpraga\/wp-json\/wp\/v2\/product_cat?post=2269"},{"taxonomy":"product_tag","embeddable":true,"href":"https:\/\/panrest.com\/rbmpraga\/wp-json\/wp\/v2\/product_tag?post=2269"}],"curies":[{"name":"wp","href":"https:\/\/api.w.org\/{rel}","templated":true}]}}