{"id":2212,"date":"2025-03-05T19:45:46","date_gmt":"2025-03-05T18:45:46","guid":{"rendered":"https:\/\/panrest.com\/rbmpraga\/?post_type=product&#038;p=2212"},"modified":"2025-06-16T13:00:20","modified_gmt":"2025-06-16T11:00:20","slug":"grillowany-losos","status":"publish","type":"product","link":"https:\/\/panrest.com\/rbmpraga\/produkt\/grillowany-losos\/","title":{"rendered":"GRILLOWANY \u0141OSO\u015a"},"content":{"rendered":"<p>Grillowany \u0141oso\u015b<\/p>\n","protected":false},"excerpt":{"rendered":"<p>[:pl]<strong>Grillowany \u0141oso\u015b<\/strong><\/p>\n<p>&nbsp;<\/p>\n<p>* zdj\u0119cie ma charakter pogl\u0105dowy[:en]<strong>Grillowany \u0141oso\u015b<\/strong><\/p>\n<p>&nbsp;<\/p>\n<p><strong>* Zdj\u0119cie ma charakter pogl\u0105dowy<\/strong>[:]<\/p>\n","protected":false},"featured_media":2248,"template":"","meta":{"_acf_changed":false},"product_brand":[],"product_cat":[65],"product_tag":[],"class_list":{"0":"post-2212","1":"product","2":"type-product","3":"status-publish","4":"has-post-thumbnail","6":"product_cat-dania-glowne-makarony","8":"first","9":"instock","10":"sale","11":"shipping-taxable","12":"purchasable","13":"product-type-simple"},"acf":[],"_links":{"self":[{"href":"https:\/\/panrest.com\/rbmpraga\/wp-json\/wp\/v2\/product\/2212","targetHints":{"allow":["GET"]}}],"collection":[{"href":"https:\/\/panrest.com\/rbmpraga\/wp-json\/wp\/v2\/product"}],"about":[{"href":"https:\/\/panrest.com\/rbmpraga\/wp-json\/wp\/v2\/types\/product"}],"wp:featuredmedia":[{"embeddable":true,"href":"https:\/\/panrest.com\/rbmpraga\/wp-json\/wp\/v2\/media\/2248"}],"wp:attachment":[{"href":"https:\/\/panrest.com\/rbmpraga\/wp-json\/wp\/v2\/media?parent=2212"}],"wp:term":[{"taxonomy":"product_brand","embeddable":true,"href":"https:\/\/panrest.com\/rbmpraga\/wp-json\/wp\/v2\/product_brand?post=2212"},{"taxonomy":"product_cat","embeddable":true,"href":"https:\/\/panrest.com\/rbmpraga\/wp-json\/wp\/v2\/product_cat?post=2212"},{"taxonomy":"product_tag","embeddable":true,"href":"https:\/\/panrest.com\/rbmpraga\/wp-json\/wp\/v2\/product_tag?post=2212"}],"curies":[{"name":"wp","href":"https:\/\/api.w.org\/{rel}","templated":true}]}}