{"id":2435,"date":"2025-03-05T19:53:35","date_gmt":"2025-03-05T18:53:35","guid":{"rendered":"https:\/\/panrest.com\/rbmmokotow\/?post_type=product&#038;p=2435"},"modified":"2025-03-06T00:33:18","modified_gmt":"2025-03-05T23:33:18","slug":"1000-like-100-szt-vege","status":"publish","type":"product","link":"https:\/\/panrest.com\/rbmmokotow\/produkt\/1000-like-100-szt-vege\/","title":{"rendered":"1000 LIKE 100 SZT. VEGE"},"content":{"rendered":"<p><strong>Hosomaki ogorek 8 szt<\/strong><br \/>\n<strong>Hosomaki kampyo 8 szt<\/strong><br \/>\n<strong>Hosomaki\u00a0 avokado 8 szt<\/strong><br \/>\n<strong>Hosomaki oshinko 8 szt<\/strong><br \/>\n<strong>Hosomaki wakame 8 szt<\/strong><br \/>\n<strong>Futomaki avokado 12 szt<\/strong><br \/>\n<strong>Futomaki panko 6 szt<\/strong><br \/>\n<strong>Futomaki batat 6 szt<\/strong><br \/>\n<strong>Futomaki mango 6 szt<\/strong><br \/>\n<strong>Futomaki tofu 6 szt<\/strong><br \/>\n<strong>California sezam 8 szt<\/strong><br \/>\n<strong>California wakame 8 szt<\/strong><br \/>\n<strong>California \u017curawina 8 szt<\/strong><\/p>\n<p>&nbsp;<\/p>\n<p>* bez zmian konfiguracji zestawu<\/p>\n<p>* ilo\u015b\u0107 zam\u00f3wie\u0144 ograniczona<\/p>\n<p>* zdj\u0119cie ma charakter pogl\u0105dowy<\/p>\n","protected":false},"excerpt":{"rendered":"<p><strong>Hosomaki ogorek 8 szt<\/strong><br \/>\n<strong>Hosomaki kampyo 8 szt<\/strong><br \/>\n<strong>Hosomaki\u00a0 avokado 8 szt<\/strong><br \/>\n<strong>Hosomaki oshinko 8 szt<\/strong><br \/>\n<strong>Hosomaki wakame 8 szt<\/strong><br \/>\n<strong>Futomaki avokado 12 szt<\/strong><br \/>\n<strong>Futomaki panko 6 szt<\/strong><br \/>\n<strong>Futomaki batat 6 szt<\/strong><br \/>\n<strong>Futomaki mango 6 szt<\/strong><br \/>\n<strong>Futomaki tofu 6 szt<\/strong><br \/>\n<strong>California sezam 8 szt<\/strong><br \/>\n<strong>California wakame 8 szt<\/strong><br \/>\n<strong>California \u017curawina 8 szt<\/strong><\/p>\n<p>&nbsp;<\/p>\n<p>* bez zmian konfiguracji zestawu<\/p>\n<p>* ilo\u015b\u0107 zam\u00f3wie\u0144 ograniczona<\/p>\n<p>* zdj\u0119cie ma charakter pogl\u0105dowy<\/p>\n","protected":false},"featured_media":2386,"template":"","meta":{"_acf_changed":false},"product_brand":[],"product_cat":[61],"product_tag":[],"class_list":{"0":"post-2435","1":"product","2":"type-product","3":"status-publish","4":"has-post-thumbnail","6":"product_cat-zestawy-promocyjne","8":"first","9":"instock","10":"shipping-taxable","11":"purchasable","12":"product-type-variable"},"acf":[],"_links":{"self":[{"href":"https:\/\/panrest.com\/rbmmokotow\/wp-json\/wp\/v2\/product\/2435","targetHints":{"allow":["GET"]}}],"collection":[{"href":"https:\/\/panrest.com\/rbmmokotow\/wp-json\/wp\/v2\/product"}],"about":[{"href":"https:\/\/panrest.com\/rbmmokotow\/wp-json\/wp\/v2\/types\/product"}],"wp:featuredmedia":[{"embeddable":true,"href":"https:\/\/panrest.com\/rbmmokotow\/wp-json\/wp\/v2\/media\/2386"}],"wp:attachment":[{"href":"https:\/\/panrest.com\/rbmmokotow\/wp-json\/wp\/v2\/media?parent=2435"}],"wp:term":[{"taxonomy":"product_brand","embeddable":true,"href":"https:\/\/panrest.com\/rbmmokotow\/wp-json\/wp\/v2\/product_brand?post=2435"},{"taxonomy":"product_cat","embeddable":true,"href":"https:\/\/panrest.com\/rbmmokotow\/wp-json\/wp\/v2\/product_cat?post=2435"},{"taxonomy":"product_tag","embeddable":true,"href":"https:\/\/panrest.com\/rbmmokotow\/wp-json\/wp\/v2\/product_tag?post=2435"}],"curies":[{"name":"wp","href":"https:\/\/api.w.org\/{rel}","templated":true}]}}