{"id":2434,"date":"2025-03-05T19:53:34","date_gmt":"2025-03-05T18:53:34","guid":{"rendered":"https:\/\/panrest.com\/rbmmokotow\/?post_type=product&#038;p=2434"},"modified":"2025-03-23T11:53:37","modified_gmt":"2025-03-23T10:53:37","slug":"2-dowolne-rameny-zupa-miso-z-lososiem-za-1-zl","status":"publish","type":"product","link":"https:\/\/panrest.com\/rbmmokotow\/produkt\/2-dowolne-rameny-zupa-miso-z-lososiem-za-1-zl\/","title":{"rendered":"2 DOWOLNE RAMENY + ZUPA MISO Z \u0141OSOSIEM ZA 1 Z\u0141"},"content":{"rendered":"","protected":false},"excerpt":{"rendered":"<p>Wybierz dwa dowolne rameny i dosta\u0144 zup\u0119 miso z \u0142ososiem <strong>za z\u0142ot\u00f3wk\u0119<\/strong> !<\/p>\n<p>&nbsp;<\/p>\n<p>* zdj\u0119cie ma charakter pogl\u0105dowy<\/p>\n","protected":false},"featured_media":2458,"template":"","meta":{"_acf_changed":false},"product_brand":[],"product_cat":[61],"product_tag":[],"class_list":{"0":"post-2434","1":"product","2":"type-product","3":"status-publish","4":"has-post-thumbnail","6":"product_cat-zestawy-promocyjne","8":"first","9":"instock","10":"shipping-taxable","11":"purchasable","12":"product-type-variable"},"acf":[],"_links":{"self":[{"href":"https:\/\/panrest.com\/rbmmokotow\/wp-json\/wp\/v2\/product\/2434","targetHints":{"allow":["GET"]}}],"collection":[{"href":"https:\/\/panrest.com\/rbmmokotow\/wp-json\/wp\/v2\/product"}],"about":[{"href":"https:\/\/panrest.com\/rbmmokotow\/wp-json\/wp\/v2\/types\/product"}],"wp:featuredmedia":[{"embeddable":true,"href":"https:\/\/panrest.com\/rbmmokotow\/wp-json\/wp\/v2\/media\/2458"}],"wp:attachment":[{"href":"https:\/\/panrest.com\/rbmmokotow\/wp-json\/wp\/v2\/media?parent=2434"}],"wp:term":[{"taxonomy":"product_brand","embeddable":true,"href":"https:\/\/panrest.com\/rbmmokotow\/wp-json\/wp\/v2\/product_brand?post=2434"},{"taxonomy":"product_cat","embeddable":true,"href":"https:\/\/panrest.com\/rbmmokotow\/wp-json\/wp\/v2\/product_cat?post=2434"},{"taxonomy":"product_tag","embeddable":true,"href":"https:\/\/panrest.com\/rbmmokotow\/wp-json\/wp\/v2\/product_tag?post=2434"}],"curies":[{"name":"wp","href":"https:\/\/api.w.org\/{rel}","templated":true}]}}