{"id":2333,"date":"2025-03-05T19:49:45","date_gmt":"2025-03-05T18:49:45","guid":{"rendered":"https:\/\/panrest.com\/rbmmokotow\/?post_type=product&#038;p=2333"},"modified":"2025-06-16T12:42:49","modified_gmt":"2025-06-16T10:42:49","slug":"plpierozki-z-karmelizowana-gruszkaenpierozki-z-jagodami","status":"publish","type":"product","link":"https:\/\/panrest.com\/rbmmokotow\/produkt\/plpierozki-z-karmelizowana-gruszkaenpierozki-z-jagodami\/","title":{"rendered":"PIERO\u017bKI Z KARMELIZOWAN\u0104 GRUSZK\u0104"},"content":{"rendered":"","protected":false},"excerpt":{"rendered":"<p>* zdj\u0119cie ma charakter pogl\u0105dowy<\/p>\n","protected":false},"featured_media":2375,"template":"","meta":{"_acf_changed":false},"product_brand":[],"product_cat":[70],"product_tag":[],"class_list":{"0":"post-2333","1":"product","2":"type-product","3":"status-publish","4":"has-post-thumbnail","6":"product_cat-desery","8":"first","9":"instock","10":"shipping-taxable","11":"purchasable","12":"product-type-variable"},"acf":[],"_links":{"self":[{"href":"https:\/\/panrest.com\/rbmmokotow\/wp-json\/wp\/v2\/product\/2333","targetHints":{"allow":["GET"]}}],"collection":[{"href":"https:\/\/panrest.com\/rbmmokotow\/wp-json\/wp\/v2\/product"}],"about":[{"href":"https:\/\/panrest.com\/rbmmokotow\/wp-json\/wp\/v2\/types\/product"}],"wp:featuredmedia":[{"embeddable":true,"href":"https:\/\/panrest.com\/rbmmokotow\/wp-json\/wp\/v2\/media\/2375"}],"wp:attachment":[{"href":"https:\/\/panrest.com\/rbmmokotow\/wp-json\/wp\/v2\/media?parent=2333"}],"wp:term":[{"taxonomy":"product_brand","embeddable":true,"href":"https:\/\/panrest.com\/rbmmokotow\/wp-json\/wp\/v2\/product_brand?post=2333"},{"taxonomy":"product_cat","embeddable":true,"href":"https:\/\/panrest.com\/rbmmokotow\/wp-json\/wp\/v2\/product_cat?post=2333"},{"taxonomy":"product_tag","embeddable":true,"href":"https:\/\/panrest.com\/rbmmokotow\/wp-json\/wp\/v2\/product_tag?post=2333"}],"curies":[{"name":"wp","href":"https:\/\/api.w.org\/{rel}","templated":true}]}}