{"id":2332,"date":"2025-03-05T19:49:44","date_gmt":"2025-03-05T18:49:44","guid":{"rendered":"https:\/\/panrest.com\/rbmmokotow\/?post_type=product&#038;p=2332"},"modified":"2025-06-16T12:42:50","modified_gmt":"2025-06-16T10:42:50","slug":"plmochi-japonski-deser-ryzowyenmochi-japonski-deser-ryzowy","status":"publish","type":"product","link":"https:\/\/panrest.com\/rbmmokotow\/produkt\/plmochi-japonski-deser-ryzowyenmochi-japonski-deser-ryzowy\/","title":{"rendered":"MOCHI JAPO\u0143SKI DESER RY\u017bOWY"},"content":{"rendered":"","protected":false},"excerpt":{"rendered":"<p>* zdj\u0119cie ma charakter pogl\u0105dowy<\/p>\n","protected":false},"featured_media":2374,"template":"","meta":{"_acf_changed":false},"product_brand":[],"product_cat":[70],"product_tag":[],"class_list":{"0":"post-2332","1":"product","2":"type-product","3":"status-publish","4":"has-post-thumbnail","6":"product_cat-desery","8":"first","9":"instock","10":"sale","11":"shipping-taxable","12":"purchasable","13":"product-type-simple"},"acf":[],"_links":{"self":[{"href":"https:\/\/panrest.com\/rbmmokotow\/wp-json\/wp\/v2\/product\/2332","targetHints":{"allow":["GET"]}}],"collection":[{"href":"https:\/\/panrest.com\/rbmmokotow\/wp-json\/wp\/v2\/product"}],"about":[{"href":"https:\/\/panrest.com\/rbmmokotow\/wp-json\/wp\/v2\/types\/product"}],"wp:featuredmedia":[{"embeddable":true,"href":"https:\/\/panrest.com\/rbmmokotow\/wp-json\/wp\/v2\/media\/2374"}],"wp:attachment":[{"href":"https:\/\/panrest.com\/rbmmokotow\/wp-json\/wp\/v2\/media?parent=2332"}],"wp:term":[{"taxonomy":"product_brand","embeddable":true,"href":"https:\/\/panrest.com\/rbmmokotow\/wp-json\/wp\/v2\/product_brand?post=2332"},{"taxonomy":"product_cat","embeddable":true,"href":"https:\/\/panrest.com\/rbmmokotow\/wp-json\/wp\/v2\/product_cat?post=2332"},{"taxonomy":"product_tag","embeddable":true,"href":"https:\/\/panrest.com\/rbmmokotow\/wp-json\/wp\/v2\/product_tag?post=2332"}],"curies":[{"name":"wp","href":"https:\/\/api.w.org\/{rel}","templated":true}]}}