{"id":2832,"date":"2025-01-21T11:53:05","date_gmt":"2025-01-21T10:53:05","guid":{"rendered":"https:\/\/panrest.com\/ramenandmore\/?post_type=product&#038;p=2832"},"modified":"2025-01-21T12:08:42","modified_gmt":"2025-01-21T11:08:42","slug":"pierozki-z-fasola-i-kolendra","status":"publish","type":"product","link":"https:\/\/panrest.com\/ramenandmore\/produkt\/pierozki-z-fasola-i-kolendra\/","title":{"rendered":"Piero\u017cki z fasol\u0105 i kolendr\u0105"},"content":{"rendered":"<p>&nbsp;<\/p>\n<p>&nbsp;<\/p>\n<p><strong>* Zdj\u0119cie ma charakter pogl\u0105dowy<\/strong><\/p>\n","protected":false},"excerpt":{"rendered":"<p><strong>* Zdj\u0119cie ma charakter pogl\u0105dowy<\/strong><\/p>\n","protected":false},"featured_media":2672,"template":"","meta":{"_acf_changed":false},"product_brand":[],"product_cat":[53],"product_tag":[],"class_list":{"0":"post-2832","1":"product","2":"type-product","3":"status-publish","4":"has-post-thumbnail","6":"product_cat-pierozki-na-parze","8":"first","9":"instock","10":"shipping-taxable","11":"purchasable","12":"product-type-variable"},"acf":[],"_links":{"self":[{"href":"https:\/\/panrest.com\/ramenandmore\/wp-json\/wp\/v2\/product\/2832","targetHints":{"allow":["GET"]}}],"collection":[{"href":"https:\/\/panrest.com\/ramenandmore\/wp-json\/wp\/v2\/product"}],"about":[{"href":"https:\/\/panrest.com\/ramenandmore\/wp-json\/wp\/v2\/types\/product"}],"wp:featuredmedia":[{"embeddable":true,"href":"https:\/\/panrest.com\/ramenandmore\/wp-json\/wp\/v2\/media\/2672"}],"wp:attachment":[{"href":"https:\/\/panrest.com\/ramenandmore\/wp-json\/wp\/v2\/media?parent=2832"}],"wp:term":[{"taxonomy":"product_brand","embeddable":true,"href":"https:\/\/panrest.com\/ramenandmore\/wp-json\/wp\/v2\/product_brand?post=2832"},{"taxonomy":"product_cat","embeddable":true,"href":"https:\/\/panrest.com\/ramenandmore\/wp-json\/wp\/v2\/product_cat?post=2832"},{"taxonomy":"product_tag","embeddable":true,"href":"https:\/\/panrest.com\/ramenandmore\/wp-json\/wp\/v2\/product_tag?post=2832"}],"curies":[{"name":"wp","href":"https:\/\/api.w.org\/{rel}","templated":true}]}}