{"id":2650,"date":"2025-01-21T11:45:13","date_gmt":"2025-01-21T10:45:13","guid":{"rendered":"https:\/\/panrest.com\/ramenandmore\/?post_type=product&#038;p=2650"},"modified":"2025-01-21T12:21:41","modified_gmt":"2025-01-21T11:21:41","slug":"wegetarianski-shitake-ramen","status":"publish","type":"product","link":"https:\/\/panrest.com\/ramenandmore\/produkt\/wegetarianski-shitake-ramen\/","title":{"rendered":"WEGETARIA\u0143SKI SHITAKE RAMEN"},"content":{"rendered":"","protected":false},"excerpt":{"rendered":"<p>Niezwykle g\u0142\u0119boki smak grzybowego bulionu, gdzie pierwsze skrzypce graj\u0105 shiitake. Ich lecznicze w\u0142a\u015bciwo\u015bci odm\u0142odz\u0105 ci wewn\u0119trznie b\u0119d\u0105c wprost balsamem dla serca.<\/p>\n<p>(bulion grzybowy, makaron, \u015bmietana, grzyby mun i shitake, kukurydza, edamame)<\/p>\n","protected":false},"featured_media":2686,"template":"","meta":{"_acf_changed":false},"product_brand":[],"product_cat":[54],"product_tag":[],"class_list":{"0":"post-2650","1":"product","2":"type-product","3":"status-publish","4":"has-post-thumbnail","6":"product_cat-ramen","8":"first","9":"instock","10":"shipping-taxable","11":"purchasable","12":"product-type-simple"},"acf":[],"_links":{"self":[{"href":"https:\/\/panrest.com\/ramenandmore\/wp-json\/wp\/v2\/product\/2650","targetHints":{"allow":["GET"]}}],"collection":[{"href":"https:\/\/panrest.com\/ramenandmore\/wp-json\/wp\/v2\/product"}],"about":[{"href":"https:\/\/panrest.com\/ramenandmore\/wp-json\/wp\/v2\/types\/product"}],"wp:featuredmedia":[{"embeddable":true,"href":"https:\/\/panrest.com\/ramenandmore\/wp-json\/wp\/v2\/media\/2686"}],"wp:attachment":[{"href":"https:\/\/panrest.com\/ramenandmore\/wp-json\/wp\/v2\/media?parent=2650"}],"wp:term":[{"taxonomy":"product_brand","embeddable":true,"href":"https:\/\/panrest.com\/ramenandmore\/wp-json\/wp\/v2\/product_brand?post=2650"},{"taxonomy":"product_cat","embeddable":true,"href":"https:\/\/panrest.com\/ramenandmore\/wp-json\/wp\/v2\/product_cat?post=2650"},{"taxonomy":"product_tag","embeddable":true,"href":"https:\/\/panrest.com\/ramenandmore\/wp-json\/wp\/v2\/product_tag?post=2650"}],"curies":[{"name":"wp","href":"https:\/\/api.w.org\/{rel}","templated":true}]}}