{"id":2647,"date":"2025-01-21T11:45:10","date_gmt":"2025-01-21T10:45:10","guid":{"rendered":"https:\/\/panrest.com\/ramenandmore\/?post_type=product&#038;p=2647"},"modified":"2025-01-21T12:22:06","modified_gmt":"2025-01-21T11:22:06","slug":"ramen-sukiyaki-z-wolowina","status":"publish","type":"product","link":"https:\/\/panrest.com\/ramenandmore\/produkt\/ramen-sukiyaki-z-wolowina\/","title":{"rendered":"RAMEN SUKIYAKI Z WO\u0141OWIN\u0104"},"content":{"rendered":"","protected":false},"excerpt":{"rendered":"<p>Niezwykle rozgrzewaj\u0105cy ramen, kt\u00f3ry otuli ci\u0119 swym g\u0142\u0119bokim, gor\u0105cym smakiem z nut\u0105 s\u0142odko\u015bci w tle.<\/p>\n<p>(bulion mi\u0119sny, makaron, wo\u0142owina, jajko, \u015bwie\u017ce grzyby, edamame)<\/p>\n","protected":false},"featured_media":2683,"template":"","meta":{"_acf_changed":false},"product_brand":[],"product_cat":[54],"product_tag":[],"class_list":{"0":"post-2647","1":"product","2":"type-product","3":"status-publish","4":"has-post-thumbnail","6":"product_cat-ramen","8":"first","9":"instock","10":"shipping-taxable","11":"purchasable","12":"product-type-simple"},"acf":[],"_links":{"self":[{"href":"https:\/\/panrest.com\/ramenandmore\/wp-json\/wp\/v2\/product\/2647","targetHints":{"allow":["GET"]}}],"collection":[{"href":"https:\/\/panrest.com\/ramenandmore\/wp-json\/wp\/v2\/product"}],"about":[{"href":"https:\/\/panrest.com\/ramenandmore\/wp-json\/wp\/v2\/types\/product"}],"wp:featuredmedia":[{"embeddable":true,"href":"https:\/\/panrest.com\/ramenandmore\/wp-json\/wp\/v2\/media\/2683"}],"wp:attachment":[{"href":"https:\/\/panrest.com\/ramenandmore\/wp-json\/wp\/v2\/media?parent=2647"}],"wp:term":[{"taxonomy":"product_brand","embeddable":true,"href":"https:\/\/panrest.com\/ramenandmore\/wp-json\/wp\/v2\/product_brand?post=2647"},{"taxonomy":"product_cat","embeddable":true,"href":"https:\/\/panrest.com\/ramenandmore\/wp-json\/wp\/v2\/product_cat?post=2647"},{"taxonomy":"product_tag","embeddable":true,"href":"https:\/\/panrest.com\/ramenandmore\/wp-json\/wp\/v2\/product_tag?post=2647"}],"curies":[{"name":"wp","href":"https:\/\/api.w.org\/{rel}","templated":true}]}}