{"id":5,"date":"2024-08-21T23:15:19","date_gmt":"2024-08-21T21:15:19","guid":{"rendered":"https:\/\/panrest.com\/masami-sushi-ursynow\/koszyk\/"},"modified":"2024-09-19T19:23:13","modified_gmt":"2024-09-19T17:23:13","slug":"koszyk","status":"publish","type":"page","link":"https:\/\/panrest.com\/ramenandmore\/koszyk\/","title":{"rendered":"Koszyk"},"content":{"rendered":"\n<div data-block-name=\"woocommerce\/cart\" class=\"wp-block-woocommerce-cart alignwide is-loading\">\n<div data-block-name=\"woocommerce\/filled-cart-block\" class=\"wp-block-woocommerce-filled-cart-block\">\n<div data-block-name=\"woocommerce\/cart-items-block\" class=\"wp-block-woocommerce-cart-items-block\">\n<div data-block-name=\"woocommerce\/cart-line-items-block\" class=\"wp-block-woocommerce-cart-line-items-block\"><\/div>\n\n\n\n<div data-block-name=\"woocommerce\/cart-cross-sells-block\" class=\"wp-block-woocommerce-cart-cross-sells-block\">\n<h2 class=\"wp-block-heading has-large-font-size\">Zobacz inne r\u00f3wnie interesuj\u0105ce\u2026<\/h2>\n\n\n\n<div data-block-name=\"woocommerce\/cart-cross-sells-products-block\" class=\"wp-block-woocommerce-cart-cross-sells-products-block\"><\/div>\n<\/div>\n<\/div>\n\n\n\n<div data-block-name=\"woocommerce\/cart-totals-block\" class=\"wp-block-woocommerce-cart-totals-block\">\n<div data-block-name=\"woocommerce\/cart-order-summary-block\" class=\"wp-block-woocommerce-cart-order-summary-block\">\n<div data-block-name=\"woocommerce\/cart-order-summary-heading-block\" class=\"wp-block-woocommerce-cart-order-summary-heading-block\"><\/div><div data-block-name=\"woocommerce\/cart-order-summary-coupon-form-block\" class=\"wp-block-woocommerce-cart-order-summary-coupon-form-block\"><\/div><div data-block-name=\"woocommerce\/cart-order-summary-totals-block\" class=\"wp-block-woocommerce-cart-order-summary-totals-block\">\n<div data-block-name=\"woocommerce\/cart-order-summary-subtotal-block\" class=\"wp-block-woocommerce-cart-order-summary-subtotal-block\"><\/div>\n<div data-block-name=\"woocommerce\/cart-order-summary-discount-block\" class=\"wp-block-woocommerce-cart-order-summary-discount-block\"><\/div>\n<div data-block-name=\"woocommerce\/cart-order-summary-fee-block\" class=\"wp-block-woocommerce-cart-order-summary-fee-block\"><\/div>\n<div data-block-name=\"woocommerce\/cart-order-summary-shipping-block\" class=\"wp-block-woocommerce-cart-order-summary-shipping-block\"><\/div>\n<div data-block-name=\"woocommerce\/cart-order-summary-taxes-block\" class=\"wp-block-woocommerce-cart-order-summary-taxes-block\"><\/div><\/div>\n<\/div>\n\n\n\n<div data-block-name=\"woocommerce\/cart-express-payment-block\" class=\"wp-block-woocommerce-cart-express-payment-block\"><\/div>\n\n\n\n<div data-block-name=\"woocommerce\/proceed-to-checkout-block\" class=\"wp-block-woocommerce-proceed-to-checkout-block\"><\/div>\n\n\n\n<div data-block-name=\"woocommerce\/cart-accepted-payment-methods-block\" class=\"wp-block-woocommerce-cart-accepted-payment-methods-block\"><\/div>\n<\/div>\n<\/div>\n\n\n\n<div data-block-name=\"woocommerce\/empty-cart-block\" class=\"wp-block-woocommerce-empty-cart-block\">\n<h2 class=\"wp-block-heading has-text-align-center with-empty-cart-icon wc-block-cart__empty-cart__title\">Tw\u00f3j koszyk jest obecnie pusty!<\/h2>\n\n\n\n<hr class=\"wp-block-separator has-alpha-channel-opacity is-style-dots\"\/>\n\n\n\n<h2 class=\"wp-block-heading has-text-align-center\">Nowe w sklepie<\/h2>\n\n\n<div data-block-name=\"woocommerce\/product-new\" data-columns=\"4\" data-rows=\"1\" class=\"wc-block-grid wp-block-product-new wp-block-woocommerce-product-new wc-block-product-new has-4-columns\"><ul class=\"wc-block-grid__products\"><li class=\"wc-block-grid__product\"><span class=\"gtm4wp_productdata\" style=\"display:none; visibility:hidden;\" data-gtm4wp_product_data=\"{&quot;internal_id&quot;:2880,&quot;item_id&quot;:2880,&quot;item_name&quot;:&quot;Zaloguj si\\u0119, Zbieraj diamenty, Wymieniaj na jedzenie&quot;,&quot;sku&quot;:2880,&quot;price&quot;:0,&quot;stocklevel&quot;:null,&quot;stockstatus&quot;:&quot;outofstock&quot;,&quot;google_business_vertical&quot;:&quot;retail&quot;,&quot;item_category&quot;:&quot;Ramen&quot;,&quot;id&quot;:2880,&quot;productlink&quot;:&quot;https:\\\/\\\/panrest.com\\\/ramenandmore\\\/produkt\\\/zaloguj-sie-zbieraj-diamenty-wymieniaj-na-jedzenie\\\/&quot;,&quot;item_list_name&quot;:&quot;General Product List&quot;,&quot;index&quot;:0,&quot;product_type&quot;:&quot;simple&quot;,&quot;item_brand&quot;:&quot;&quot;}\"><\/span>\n\t\t\t\t<a href=\"https:\/\/panrest.com\/ramenandmore\/produkt\/zaloguj-sie-zbieraj-diamenty-wymieniaj-na-jedzenie\/\" class=\"wc-block-grid__product-link\">\n\t\t\t\t\t\n\t\t\t\t\t<div class=\"wc-block-grid__product-image\"><img loading=\"lazy\" decoding=\"async\" width=\"78\" height=\"78\" src=\"https:\/\/panrest.com\/ramenandmore\/wp-content\/uploads\/sites\/30\/2025\/04\/diamonds_original-1.png\" class=\"attachment-woocommerce_thumbnail size-woocommerce_thumbnail\" alt=\"Zaloguj si\u0119, Zbieraj diamenty, Wymieniaj na jedzenie\" \/><\/div>\n\t\t\t\t\t<div class=\"wc-block-grid__product-title\">Zaloguj si\u0119, Zbieraj diamenty, Wymieniaj na jedzenie<\/div>\n\t\t\t\t<\/a>\n\t\t\t\t<div class=\"wc-block-grid__product-price price\"><\/div>\n\t\t\t\t\n\t\t\t\t<div class=\"wp-block-button wc-block-grid__product-add-to-cart\"><a href=\"https:\/\/panrest.com\/ramenandmore\/produkt\/zaloguj-sie-zbieraj-diamenty-wymieniaj-na-jedzenie\/\" aria-label=\"Przeczytaj wi\u0119cej o &bdquo;Zaloguj si\u0119, Zbieraj diamenty, Wymieniaj na jedzenie&rdquo;\" data-quantity=\"1\" data-product_id=\"2880\" data-product_sku=\"\" data-price=\"0\" rel=\"nofollow\" class=\"wp-block-button__link  add_to_cart_button\">Dowiedz si\u0119 wi\u0119cej<\/a><\/div>\n\t\t\t<\/li><li class=\"wc-block-grid__product\"><span class=\"gtm4wp_productdata\" style=\"display:none; visibility:hidden;\" data-gtm4wp_product_data=\"{&quot;internal_id&quot;:2859,&quot;item_id&quot;:2859,&quot;item_name&quot;:&quot;Piero\\u017cki ziemniaczane&quot;,&quot;sku&quot;:&quot;DS-0007-9-1&quot;,&quot;price&quot;:18.9,&quot;stocklevel&quot;:null,&quot;stockstatus&quot;:&quot;instock&quot;,&quot;google_business_vertical&quot;:&quot;retail&quot;,&quot;item_category&quot;:&quot;Piero\\u017cki na Parze&quot;,&quot;id&quot;:2859,&quot;productlink&quot;:&quot;https:\\\/\\\/panrest.com\\\/ramenandmore\\\/produkt\\\/pierozki-ziemniaczane\\\/&quot;,&quot;item_list_name&quot;:&quot;General Product List&quot;,&quot;index&quot;:0,&quot;product_type&quot;:&quot;variable&quot;,&quot;item_brand&quot;:&quot;&quot;}\"><\/span>\n\t\t\t\t<a href=\"https:\/\/panrest.com\/ramenandmore\/produkt\/pierozki-ziemniaczane\/\" class=\"wc-block-grid__product-link\">\n\t\t\t\t\t\n\t\t\t\t\t<div class=\"wc-block-grid__product-image\"><img loading=\"lazy\" decoding=\"async\" width=\"300\" height=\"300\" src=\"https:\/\/panrest.com\/ramenandmore\/wp-content\/uploads\/sites\/30\/2025\/01\/31-300x300.jpg\" class=\"attachment-woocommerce_thumbnail size-woocommerce_thumbnail\" alt=\"Piero\u017cki ziemniaczane\" srcset=\"https:\/\/panrest.com\/ramenandmore\/wp-content\/uploads\/sites\/30\/2025\/01\/31-300x300.jpg 300w, https:\/\/panrest.com\/ramenandmore\/wp-content\/uploads\/sites\/30\/2025\/01\/31-150x150.jpg 150w, https:\/\/panrest.com\/ramenandmore\/wp-content\/uploads\/sites\/30\/2025\/01\/31-100x100.jpg 100w\" sizes=\"auto, (max-width: 300px) 100vw, 300px\" \/><\/div>\n\t\t\t\t\t<div class=\"wc-block-grid__product-title\">Piero\u017cki ziemniaczane<\/div>\n\t\t\t\t<\/a>\n\t\t\t\t<div class=\"wc-block-grid__product-price price\"><span class=\"woocommerce-Price-amount amount\" aria-hidden=\"true\">18,90&nbsp;<span class=\"woocommerce-Price-currencySymbol\">&#122;&#322;<\/span><\/span> <span aria-hidden=\"true\">&ndash;<\/span> <span class=\"woocommerce-Price-amount amount\" aria-hidden=\"true\">29,90&nbsp;<span class=\"woocommerce-Price-currencySymbol\">&#122;&#322;<\/span><\/span><span class=\"screen-reader-text\">Zakres cen: od 18,90&nbsp;&#122;&#322; do 29,90&nbsp;&#122;&#322;<\/span><\/div>\n\t\t\t\t\n\t\t\t\t<div class=\"wp-block-button wc-block-grid__product-add-to-cart\"><a href=\"https:\/\/panrest.com\/ramenandmore\/produkt\/pierozki-ziemniaczane\/\" aria-label=\"Wybierz opcje dla &bdquo;Piero\u017cki ziemniaczane&rdquo;\" data-quantity=\"1\" data-product_id=\"2859\" data-product_sku=\"DS-0007-9-1\" data-price=\"18.9\" rel=\"nofollow\" class=\"wp-block-button__link  add_to_cart_button\">Wybierz opcje<\/a><\/div>\n\t\t\t<\/li><li class=\"wc-block-grid__product\"><span class=\"gtm4wp_productdata\" style=\"display:none; visibility:hidden;\" data-gtm4wp_product_data=\"{&quot;internal_id&quot;:2856,&quot;item_id&quot;:2856,&quot;item_name&quot;:&quot;Piero\\u017cki z kurczakiem&quot;,&quot;sku&quot;:&quot;DS-0004-4&quot;,&quot;price&quot;:21.9,&quot;stocklevel&quot;:null,&quot;stockstatus&quot;:&quot;instock&quot;,&quot;google_business_vertical&quot;:&quot;retail&quot;,&quot;item_category&quot;:&quot;Piero\\u017cki na Parze&quot;,&quot;id&quot;:2856,&quot;productlink&quot;:&quot;https:\\\/\\\/panrest.com\\\/ramenandmore\\\/produkt\\\/pierozki-z-kurczakiem\\\/&quot;,&quot;item_list_name&quot;:&quot;General Product List&quot;,&quot;index&quot;:0,&quot;product_type&quot;:&quot;variable&quot;,&quot;item_brand&quot;:&quot;&quot;}\"><\/span>\n\t\t\t\t<a href=\"https:\/\/panrest.com\/ramenandmore\/produkt\/pierozki-z-kurczakiem\/\" class=\"wc-block-grid__product-link\">\n\t\t\t\t\t\n\t\t\t\t\t<div class=\"wc-block-grid__product-image\"><img loading=\"lazy\" decoding=\"async\" width=\"300\" height=\"300\" src=\"https:\/\/panrest.com\/ramenandmore\/wp-content\/uploads\/sites\/30\/2025\/01\/28-300x300.jpg\" class=\"attachment-woocommerce_thumbnail size-woocommerce_thumbnail\" alt=\"Piero\u017cki z kurczakiem\" srcset=\"https:\/\/panrest.com\/ramenandmore\/wp-content\/uploads\/sites\/30\/2025\/01\/28-300x300.jpg 300w, https:\/\/panrest.com\/ramenandmore\/wp-content\/uploads\/sites\/30\/2025\/01\/28-150x150.jpg 150w, https:\/\/panrest.com\/ramenandmore\/wp-content\/uploads\/sites\/30\/2025\/01\/28-100x100.jpg 100w\" sizes=\"auto, (max-width: 300px) 100vw, 300px\" \/><\/div>\n\t\t\t\t\t<div class=\"wc-block-grid__product-title\">Piero\u017cki z kurczakiem<\/div>\n\t\t\t\t<\/a>\n\t\t\t\t<div class=\"wc-block-grid__product-price price\"><span class=\"woocommerce-Price-amount amount\" aria-hidden=\"true\">21,90&nbsp;<span class=\"woocommerce-Price-currencySymbol\">&#122;&#322;<\/span><\/span> <span aria-hidden=\"true\">&ndash;<\/span> <span class=\"woocommerce-Price-amount amount\" aria-hidden=\"true\">36,90&nbsp;<span class=\"woocommerce-Price-currencySymbol\">&#122;&#322;<\/span><\/span><span class=\"screen-reader-text\">Zakres cen: od 21,90&nbsp;&#122;&#322; do 36,90&nbsp;&#122;&#322;<\/span><\/div>\n\t\t\t\t\n\t\t\t\t<div class=\"wp-block-button wc-block-grid__product-add-to-cart\"><a href=\"https:\/\/panrest.com\/ramenandmore\/produkt\/pierozki-z-kurczakiem\/\" aria-label=\"Wybierz opcje dla &bdquo;Piero\u017cki z kurczakiem&rdquo;\" data-quantity=\"1\" data-product_id=\"2856\" data-product_sku=\"DS-0004-4\" data-price=\"21.9\" rel=\"nofollow\" class=\"wp-block-button__link  add_to_cart_button\">Wybierz opcje<\/a><\/div>\n\t\t\t<\/li><li class=\"wc-block-grid__product\"><span class=\"gtm4wp_productdata\" style=\"display:none; visibility:hidden;\" data-gtm4wp_product_data=\"{&quot;internal_id&quot;:2853,&quot;item_id&quot;:2853,&quot;item_name&quot;:&quot;Piero\\u017cki z wieprzowin\\u0105 i \\u015bliwkami&quot;,&quot;sku&quot;:&quot;DS-0004-3&quot;,&quot;price&quot;:21.9,&quot;stocklevel&quot;:null,&quot;stockstatus&quot;:&quot;instock&quot;,&quot;google_business_vertical&quot;:&quot;retail&quot;,&quot;item_category&quot;:&quot;Piero\\u017cki na Parze&quot;,&quot;id&quot;:2853,&quot;productlink&quot;:&quot;https:\\\/\\\/panrest.com\\\/ramenandmore\\\/produkt\\\/pierozki-z-wieprzowina-i-sliwkami\\\/&quot;,&quot;item_list_name&quot;:&quot;General Product List&quot;,&quot;index&quot;:0,&quot;product_type&quot;:&quot;variable&quot;,&quot;item_brand&quot;:&quot;&quot;}\"><\/span>\n\t\t\t\t<a href=\"https:\/\/panrest.com\/ramenandmore\/produkt\/pierozki-z-wieprzowina-i-sliwkami\/\" class=\"wc-block-grid__product-link\">\n\t\t\t\t\t\n\t\t\t\t\t<div class=\"wc-block-grid__product-image\"><img loading=\"lazy\" decoding=\"async\" width=\"300\" height=\"300\" src=\"https:\/\/panrest.com\/ramenandmore\/wp-content\/uploads\/sites\/30\/2025\/01\/28-300x300.jpg\" class=\"attachment-woocommerce_thumbnail size-woocommerce_thumbnail\" alt=\"Piero\u017cki z wieprzowin\u0105 i \u015bliwkami\" srcset=\"https:\/\/panrest.com\/ramenandmore\/wp-content\/uploads\/sites\/30\/2025\/01\/28-300x300.jpg 300w, https:\/\/panrest.com\/ramenandmore\/wp-content\/uploads\/sites\/30\/2025\/01\/28-150x150.jpg 150w, https:\/\/panrest.com\/ramenandmore\/wp-content\/uploads\/sites\/30\/2025\/01\/28-100x100.jpg 100w\" sizes=\"auto, (max-width: 300px) 100vw, 300px\" \/><\/div>\n\t\t\t\t\t<div class=\"wc-block-grid__product-title\">Piero\u017cki z wieprzowin\u0105 i \u015bliwkami<\/div>\n\t\t\t\t<\/a>\n\t\t\t\t<div class=\"wc-block-grid__product-price price\"><span class=\"woocommerce-Price-amount amount\" aria-hidden=\"true\">21,90&nbsp;<span class=\"woocommerce-Price-currencySymbol\">&#122;&#322;<\/span><\/span> <span aria-hidden=\"true\">&ndash;<\/span> <span class=\"woocommerce-Price-amount amount\" aria-hidden=\"true\">36,90&nbsp;<span class=\"woocommerce-Price-currencySymbol\">&#122;&#322;<\/span><\/span><span class=\"screen-reader-text\">Zakres cen: od 21,90&nbsp;&#122;&#322; do 36,90&nbsp;&#122;&#322;<\/span><\/div>\n\t\t\t\t\n\t\t\t\t<div class=\"wp-block-button wc-block-grid__product-add-to-cart\"><a href=\"https:\/\/panrest.com\/ramenandmore\/produkt\/pierozki-z-wieprzowina-i-sliwkami\/\" aria-label=\"Wybierz opcje dla &bdquo;Piero\u017cki z wieprzowin\u0105 i \u015bliwkami&rdquo;\" data-quantity=\"1\" data-product_id=\"2853\" data-product_sku=\"DS-0004-3\" data-price=\"21.9\" rel=\"nofollow\" class=\"wp-block-button__link  add_to_cart_button\">Wybierz opcje<\/a><\/div>\n\t\t\t<\/li><\/ul><\/div><\/div>\n<\/div>\n","protected":false},"excerpt":{"rendered":"","protected":false},"author":1,"featured_media":0,"parent":0,"menu_order":0,"comment_status":"closed","ping_status":"closed","template":"","meta":{"_acf_changed":false,"footnotes":""},"class_list":["post-5","page","type-page","status-publish","hentry"],"acf":[],"_links":{"self":[{"href":"https:\/\/panrest.com\/ramenandmore\/wp-json\/wp\/v2\/pages\/5","targetHints":{"allow":["GET"]}}],"collection":[{"href":"https:\/\/panrest.com\/ramenandmore\/wp-json\/wp\/v2\/pages"}],"about":[{"href":"https:\/\/panrest.com\/ramenandmore\/wp-json\/wp\/v2\/types\/page"}],"author":[{"embeddable":true,"href":"https:\/\/panrest.com\/ramenandmore\/wp-json\/wp\/v2\/users\/1"}],"replies":[{"embeddable":true,"href":"https:\/\/panrest.com\/ramenandmore\/wp-json\/wp\/v2\/comments?post=5"}],"version-history":[{"count":0,"href":"https:\/\/panrest.com\/ramenandmore\/wp-json\/wp\/v2\/pages\/5\/revisions"}],"wp:attachment":[{"href":"https:\/\/panrest.com\/ramenandmore\/wp-json\/wp\/v2\/media?parent=5"}],"curies":[{"name":"wp","href":"https:\/\/api.w.org\/{rel}","templated":true}]}}