{"id":3421,"date":"2025-11-10T12:54:57","date_gmt":"2025-11-10T11:54:57","guid":{"rendered":"https:\/\/panrest.com\/masamitargowek\/?post_type=product&#038;p=3421"},"modified":"2025-11-13T13:21:14","modified_gmt":"2025-11-13T12:21:14","slug":"haru-2-set-11-100szt","status":"publish","type":"product","link":"https:\/\/panrest.com\/masamitargowek\/produkt\/haru-2-set-11-100szt\/","title":{"rendered":"Haru 2 set [50+50] 100szt"},"content":{"rendered":"<p><strong><span style=\"color: red;\">Oferta Ograniczona<br \/>\nTylko Online<\/span><\/strong><\/p>\n<p>Futomaki pieczony \u0142oso\u015b 12+12 szt<br \/>\nPhiladelphia maki wegetaria\u0144skie 6+6 szt<br \/>\nCalifornia maki hirame 8 szt<br \/>\nCalifornia maki hirame z traw\u0105 morsk\u0105 8 szt<br \/>\nCalifornia maki surimi i awokado z kawiorem tobiko 8+8 szt<br \/>\nHosomaki z og\u00f3rkiem 8+8 szt<br \/>\nHosomaki z oshinko 8+8 szt<\/p>\n<p>* bez zmian konfiguracji zestawu<br \/>\n*zdj\u0119cie ma charakter pogl\u0105dowy<\/p>\n","protected":false},"excerpt":{"rendered":"<p>Oferta Ograniczona Tylko Online Futomaki pieczony \u0142oso\u015b 12+12 szt Philadelphia maki wegetaria\u0144skie 6+6 szt California maki hirame 8 szt California maki hirame z traw\u0105 morsk\u0105 8 szt California maki surimi i awokado z kawiorem tobiko 8+8 szt Hosomaki z og\u00f3rkiem 8+8 szt Hosomaki z oshinko 8+8 szt * bez zmian konfiguracji zestawu *zdj\u0119cie ma charakter [&hellip;]<\/p>\n","protected":false},"featured_media":3446,"template":"","meta":{"_acf_changed":false},"product_brand":[],"product_cat":[89],"product_tag":[],"class_list":{"0":"post-3421","1":"product","2":"type-product","3":"status-publish","4":"has-post-thumbnail","6":"product_cat-haru-set-100-za-100","8":"first","9":"instock","10":"shipping-taxable","11":"purchasable","12":"product-type-variable"},"acf":[],"_links":{"self":[{"href":"https:\/\/panrest.com\/masamitargowek\/wp-json\/wp\/v2\/product\/3421","targetHints":{"allow":["GET"]}}],"collection":[{"href":"https:\/\/panrest.com\/masamitargowek\/wp-json\/wp\/v2\/product"}],"about":[{"href":"https:\/\/panrest.com\/masamitargowek\/wp-json\/wp\/v2\/types\/product"}],"wp:featuredmedia":[{"embeddable":true,"href":"https:\/\/panrest.com\/masamitargowek\/wp-json\/wp\/v2\/media\/3446"}],"wp:attachment":[{"href":"https:\/\/panrest.com\/masamitargowek\/wp-json\/wp\/v2\/media?parent=3421"}],"wp:term":[{"taxonomy":"product_brand","embeddable":true,"href":"https:\/\/panrest.com\/masamitargowek\/wp-json\/wp\/v2\/product_brand?post=3421"},{"taxonomy":"product_cat","embeddable":true,"href":"https:\/\/panrest.com\/masamitargowek\/wp-json\/wp\/v2\/product_cat?post=3421"},{"taxonomy":"product_tag","embeddable":true,"href":"https:\/\/panrest.com\/masamitargowek\/wp-json\/wp\/v2\/product_tag?post=3421"}],"curies":[{"name":"wp","href":"https:\/\/api.w.org\/{rel}","templated":true}]}}