{"id":2516,"date":"2025-04-07T18:06:10","date_gmt":"2025-04-07T16:06:10","guid":{"rendered":"https:\/\/panrest.com\/masamisushipraga\/?post_type=product&#038;p=2516"},"modified":"2026-03-02T12:48:15","modified_gmt":"2026-03-02T11:48:15","slug":"tori-set-100-za-100","status":"publish","type":"product","link":"https:\/\/panrest.com\/masamisushipraga\/produkt\/tori-set-100-za-100\/","title":{"rendered":"Tori set 100 za 100"},"content":{"rendered":"<p><strong><span style=\"font-size: 14pt;\">Zadzwo\u0144 i zam\u00f3w 888888310 test<\/span><\/strong><\/p>\n<p>&nbsp;<\/p>\n<p>Futomaki pieczony \u0142oso\u015b 6 szt<br \/>\nFutomaki pieczony ma\u015blana 6 szt<br \/>\nFutomaki Kurczak 6 szt<br \/>\nFutomaki hirame 6 szt<br \/>\nFutomaki wegetaria\u0144skie 12 szt<br \/>\nCalifornia uramaki krab 8 szt<br \/>\nCalifornia uramaki kurczak 8 szt<br \/>\nHosomaki osinko 8 szt<br \/>\nHosomaki mango 8 szt<br \/>\nHosomaki awokado 8 szt<br \/>\nHosomaki kampyo 8 szt<br \/>\nHosomaki og\u00f3rek 8 szt<br \/>\nHosomaki krab 8 szt<\/p>\n<p>&nbsp;<\/p>\n<p>* bez zmian konfiguracji zestawu<\/p>\n<p>*zdj\u0119cie ma charakter pogl\u0105dowy<\/p>\n","protected":false},"excerpt":{"rendered":"<p>Zadzwo\u0144 i zam\u00f3w 888888310 test &nbsp; Futomaki pieczony \u0142oso\u015b 6 szt Futomaki pieczony ma\u015blana 6 szt Futomaki Kurczak 6 szt Futomaki hirame 6 szt Futomaki wegetaria\u0144skie 12 szt California uramaki krab 8 szt California uramaki kurczak 8 szt Hosomaki osinko 8 szt Hosomaki mango 8 szt Hosomaki awokado 8 szt Hosomaki kampyo 8 szt Hosomaki [&hellip;]<\/p>\n","protected":false},"featured_media":2392,"template":"","meta":{"_acf_changed":false},"product_brand":[],"product_cat":[89],"product_tag":[],"class_list":{"0":"post-2516","1":"product","2":"type-product","3":"status-publish","4":"has-post-thumbnail","6":"product_cat-haru-set-100-za-100","8":"first","9":"instock","10":"shipping-taxable","11":"purchasable","12":"product-type-variable"},"acf":[],"_links":{"self":[{"href":"https:\/\/panrest.com\/masamisushipraga\/wp-json\/wp\/v2\/product\/2516","targetHints":{"allow":["GET"]}}],"collection":[{"href":"https:\/\/panrest.com\/masamisushipraga\/wp-json\/wp\/v2\/product"}],"about":[{"href":"https:\/\/panrest.com\/masamisushipraga\/wp-json\/wp\/v2\/types\/product"}],"wp:featuredmedia":[{"embeddable":true,"href":"https:\/\/panrest.com\/masamisushipraga\/wp-json\/wp\/v2\/media\/2392"}],"wp:attachment":[{"href":"https:\/\/panrest.com\/masamisushipraga\/wp-json\/wp\/v2\/media?parent=2516"}],"wp:term":[{"taxonomy":"product_brand","embeddable":true,"href":"https:\/\/panrest.com\/masamisushipraga\/wp-json\/wp\/v2\/product_brand?post=2516"},{"taxonomy":"product_cat","embeddable":true,"href":"https:\/\/panrest.com\/masamisushipraga\/wp-json\/wp\/v2\/product_cat?post=2516"},{"taxonomy":"product_tag","embeddable":true,"href":"https:\/\/panrest.com\/masamisushipraga\/wp-json\/wp\/v2\/product_tag?post=2516"}],"curies":[{"name":"wp","href":"https:\/\/api.w.org\/{rel}","templated":true}]}}