{"id":2367,"date":"2025-03-26T13:09:12","date_gmt":"2025-03-26T12:09:12","guid":{"rendered":"https:\/\/panrest.com\/masamisushipraga\/?post_type=product&#038;p=2367"},"modified":"2026-03-04T19:40:42","modified_gmt":"2026-03-04T18:40:42","slug":"haru-set-100-za-100","status":"publish","type":"product","link":"https:\/\/panrest.com\/masamisushipraga\/produkt\/haru-set-100-za-100\/","title":{"rendered":"Haru set 100 za 100"},"content":{"rendered":"<p><strong><span style=\"color: red;\">Oferta Ograniczona<br \/>\nTylko Online<\/span><\/strong><\/p>\n<p>Futomaki pieczony \u0142oso\u015b 6 szt<br \/>\nFutomaki pieczony halibut 6 szt<br \/>\nFutomaki Wegetaria\u0144skie 6 szt<br \/>\nFutomaki \u0142oso\u015b 6 szt<br \/>\nFutomaki ma\u015blana pieczona 6 szt<br \/>\nFutomaki Hirame<br \/>\nCalifornia uramaki krab 8 szt<br \/>\nCalifornia uramaki krewetka w tempurze 8 szt<br \/>\nHosomaki Oshinko 8 szt<br \/>\nHosomaki Awokado 8 szt<br \/>\nHosomaki Mango 8 szt<br \/>\nHosomaki Og\u00f3rek 8 szt<br \/>\nHosomaki Krab 8 szt<br \/>\nHosomaki Kampyo 8 szt<\/p>\n<p>* bez zmian konfiguracji zestawu<br \/>\n*zdj\u0119cie ma charakter pogl\u0105dowy<\/p>\n","protected":false},"excerpt":{"rendered":"<p>Masami Sushi Nowo\u015b\u0107 Haru Set 100 za 100 Zam\u00f3wienie Tylko Online. <strong><span style=\"color: red;\">Tylko W Panrest Oferta Ograniczona\u00a0<\/span><\/strong><\/p>\n","protected":false},"featured_media":1638,"template":"","meta":{"_acf_changed":false},"product_brand":[],"product_cat":[89],"product_tag":[],"class_list":{"0":"post-2367","1":"product","2":"type-product","3":"status-publish","4":"has-post-thumbnail","6":"product_cat-haru-set-100-za-100","8":"first","9":"instock","10":"shipping-taxable","11":"purchasable","12":"product-type-variable"},"acf":[],"_links":{"self":[{"href":"https:\/\/panrest.com\/masamisushipraga\/wp-json\/wp\/v2\/product\/2367","targetHints":{"allow":["GET"]}}],"collection":[{"href":"https:\/\/panrest.com\/masamisushipraga\/wp-json\/wp\/v2\/product"}],"about":[{"href":"https:\/\/panrest.com\/masamisushipraga\/wp-json\/wp\/v2\/types\/product"}],"wp:featuredmedia":[{"embeddable":true,"href":"https:\/\/panrest.com\/masamisushipraga\/wp-json\/wp\/v2\/media\/1638"}],"wp:attachment":[{"href":"https:\/\/panrest.com\/masamisushipraga\/wp-json\/wp\/v2\/media?parent=2367"}],"wp:term":[{"taxonomy":"product_brand","embeddable":true,"href":"https:\/\/panrest.com\/masamisushipraga\/wp-json\/wp\/v2\/product_brand?post=2367"},{"taxonomy":"product_cat","embeddable":true,"href":"https:\/\/panrest.com\/masamisushipraga\/wp-json\/wp\/v2\/product_cat?post=2367"},{"taxonomy":"product_tag","embeddable":true,"href":"https:\/\/panrest.com\/masamisushipraga\/wp-json\/wp\/v2\/product_tag?post=2367"}],"curies":[{"name":"wp","href":"https:\/\/api.w.org\/{rel}","templated":true}]}}