{"id":2188,"date":"2024-11-21T00:26:42","date_gmt":"2024-11-20T23:26:42","guid":{"rendered":"https:\/\/panrest.com\/masamisushipraga\/?post_type=product&#038;p=2188"},"modified":"2024-11-21T12:44:31","modified_gmt":"2024-11-21T11:44:31","slug":"plmasami-set-special","status":"publish","type":"product","link":"https:\/\/panrest.com\/masamisushipraga\/produkt\/plmasami-set-special\/","title":{"rendered":"Masami Set SPECIAL"},"content":{"rendered":"<p>Crazy dragon &#8211; 8 szt<br \/>\nPhiladelphia clasyczna &#8211; 8 szt<br \/>\nTuna bonito &#8211; 8 szt<br \/>\nFlying dragon &#8211; 8 szt<br \/>\nMango Philadelphia z krewetk\u0105 &#8211; 8 szt<br \/>\nUnagi dragon &#8211; 8 szt<br \/>\nCalifornia gold &#8211; 8 szt<br \/>\nCalifornia Rainbow &#8211; 8 szt<br \/>\nPieczony \u0142oso\u015b w migda\u0142ach &#8211; 6 szt<br \/>\nNigiri \u0142oso\u015b -2 szt<\/p>\n","protected":false},"excerpt":{"rendered":"<p>Crazy dragon &#8211; 8 szt<br \/>\nPhiladelphia clasyczna &#8211; 8 szt<br \/>\nTuna bonito &#8211; 8 szt<br \/>\nFlying dragon &#8211; 8 szt<br \/>\nMango Philadelphia z krewetk\u0105 &#8211; 8 szt<br \/>\nUnagi dragon &#8211; 8 szt<br \/>\nCalifornia gold &#8211; 8 szt<br \/>\nCalifornia Rainbow &#8211; 8 szt<br \/>\nPieczony \u0142oso\u015b w migda\u0142ach &#8211; 6 szt<br \/>\nNigiri \u0142oso\u015b -2 szt<\/p>\n","protected":false},"featured_media":2199,"template":"","meta":{"_acf_changed":false},"product_brand":[],"product_cat":[86],"product_tag":[],"class_list":{"0":"post-2188","1":"product","2":"type-product","3":"status-publish","4":"has-post-thumbnail","6":"product_cat-plnowosc-oferta-sezonowaenoferta-sezonowa","8":"first","9":"instock","10":"shipping-taxable","11":"purchasable","12":"product-type-simple"},"acf":[],"_links":{"self":[{"href":"https:\/\/panrest.com\/masamisushipraga\/wp-json\/wp\/v2\/product\/2188","targetHints":{"allow":["GET"]}}],"collection":[{"href":"https:\/\/panrest.com\/masamisushipraga\/wp-json\/wp\/v2\/product"}],"about":[{"href":"https:\/\/panrest.com\/masamisushipraga\/wp-json\/wp\/v2\/types\/product"}],"wp:featuredmedia":[{"embeddable":true,"href":"https:\/\/panrest.com\/masamisushipraga\/wp-json\/wp\/v2\/media\/2199"}],"wp:attachment":[{"href":"https:\/\/panrest.com\/masamisushipraga\/wp-json\/wp\/v2\/media?parent=2188"}],"wp:term":[{"taxonomy":"product_brand","embeddable":true,"href":"https:\/\/panrest.com\/masamisushipraga\/wp-json\/wp\/v2\/product_brand?post=2188"},{"taxonomy":"product_cat","embeddable":true,"href":"https:\/\/panrest.com\/masamisushipraga\/wp-json\/wp\/v2\/product_cat?post=2188"},{"taxonomy":"product_tag","embeddable":true,"href":"https:\/\/panrest.com\/masamisushipraga\/wp-json\/wp\/v2\/product_tag?post=2188"}],"curies":[{"name":"wp","href":"https:\/\/api.w.org\/{rel}","templated":true}]}}