{"id":2058,"date":"2024-11-21T00:12:45","date_gmt":"2024-11-20T23:12:45","guid":{"rendered":"https:\/\/panrest.com\/masamisushipraga\/?post_type=product&#038;p=2058"},"modified":"2024-11-21T12:58:38","modified_gmt":"2024-11-21T11:58:38","slug":"pierozki-z-chili-i-krewetkami","status":"publish","type":"product","link":"https:\/\/panrest.com\/masamisushipraga\/produkt\/pierozki-z-chili-i-krewetkami\/","title":{"rendered":"PIERO\u017bKI Z CHILI I KREWETKAMI"},"content":{"rendered":"<p>* zdj\u0119cie ma charakter pogl\u0105dowy<\/p>\n","protected":false},"excerpt":{"rendered":"<p>* zdj\u0119cie ma charakter pogl\u0105dowy<\/p>\n","protected":false},"featured_media":1827,"template":"","meta":{"_acf_changed":false},"product_brand":[],"product_cat":[56],"product_tag":[],"class_list":{"0":"post-2058","1":"product","2":"type-product","3":"status-publish","4":"has-post-thumbnail","6":"product_cat-dim-sum","8":"first","9":"instock","10":"shipping-taxable","11":"purchasable","12":"product-type-simple"},"acf":[],"_links":{"self":[{"href":"https:\/\/panrest.com\/masamisushipraga\/wp-json\/wp\/v2\/product\/2058","targetHints":{"allow":["GET"]}}],"collection":[{"href":"https:\/\/panrest.com\/masamisushipraga\/wp-json\/wp\/v2\/product"}],"about":[{"href":"https:\/\/panrest.com\/masamisushipraga\/wp-json\/wp\/v2\/types\/product"}],"wp:featuredmedia":[{"embeddable":true,"href":"https:\/\/panrest.com\/masamisushipraga\/wp-json\/wp\/v2\/media\/1827"}],"wp:attachment":[{"href":"https:\/\/panrest.com\/masamisushipraga\/wp-json\/wp\/v2\/media?parent=2058"}],"wp:term":[{"taxonomy":"product_brand","embeddable":true,"href":"https:\/\/panrest.com\/masamisushipraga\/wp-json\/wp\/v2\/product_brand?post=2058"},{"taxonomy":"product_cat","embeddable":true,"href":"https:\/\/panrest.com\/masamisushipraga\/wp-json\/wp\/v2\/product_cat?post=2058"},{"taxonomy":"product_tag","embeddable":true,"href":"https:\/\/panrest.com\/masamisushipraga\/wp-json\/wp\/v2\/product_tag?post=2058"}],"curies":[{"name":"wp","href":"https:\/\/api.w.org\/{rel}","templated":true}]}}