{"id":2036,"date":"2024-11-21T00:11:04","date_gmt":"2024-11-20T23:11:04","guid":{"rendered":"https:\/\/panrest.com\/masamisushipraga\/?post_type=product&#038;p=2036"},"modified":"2025-11-14T12:02:58","modified_gmt":"2025-11-14T11:02:58","slug":"1000-like-100-szt-vege-promocyjny","status":"publish","type":"product","link":"https:\/\/panrest.com\/masamisushipraga\/produkt\/1000-like-100-szt-vege-promocyjny\/","title":{"rendered":"1000 LIKE 100 SZT. VEGE Promocyjny"},"content":{"rendered":"<p><strong>Zam\u00f3wienie Przyjmujemy Z Jednodniowym Wyprzedzeniem<\/strong><br \/>\n<strong>Hosomaki ogorek 8 szt.<\/strong><br \/>\n<strong>Hosomaki kampyo 8 szt.<\/strong><br \/>\n<strong>Hosomaki\u00a0 avokado 8 szt.<\/strong><br \/>\n<strong>Hosomaki oshinko 8 szt.<\/strong><br \/>\n<strong>Hosomaki wakame 8 szt.<\/strong><br \/>\n<strong>Futomaki avokado 12 szt.<\/strong><br \/>\n<strong>Futomaki panko 6 szt.<\/strong><br \/>\n<strong>Futomaki batat 6 szt.<\/strong><br \/>\n<strong>Futomaki mango 6 szt.<\/strong><br \/>\n<strong>Futomaki tofu 6 szt.<\/strong><br \/>\n<strong>California sezam 8 szt.<\/strong><br \/>\n<strong>California wakame 8 szt.<\/strong><br \/>\n<strong>California \u017curawina 8 szt.<\/strong><\/p>\n<p><strong>*Bez Zmian Konfiguracji Zestawu<\/strong><\/p>\n<p><strong>* ilo\u015b\u0107 zam\u00f3wie\u0144 ograniczona<\/strong><\/p>\n<p>* zdj\u0119cie ma charakter pogl\u0105dowy<\/p>\n","protected":false},"excerpt":{"rendered":"<p><strong>Zam\u00f3wienie Przyjmujemy Z Jednodniowym Wyprzedzeniem<\/strong><br \/>\n<strong>Hosomaki ogorek 8 szt.<\/strong><br \/>\n<strong>Hosomaki kampyo 8 szt.<\/strong><br \/>\n<strong>Hosomaki\u00a0 avokado 8 szt.<\/strong><br \/>\n<strong>Hosomaki oshinko 8 szt.<\/strong><br \/>\n<strong>Hosomaki wakame 8 szt.<\/strong><br \/>\n<strong>Futomaki avokado 12 szt.<\/strong><br \/>\n<strong>Futomaki panko 6 szt.<\/strong><br \/>\n<strong>Futomaki batat 6 szt.<\/strong><br \/>\n<strong>Futomaki mango 6 szt.<\/strong><br \/>\n<strong>Futomaki tofu 6 szt.<\/strong><br \/>\n<strong>California sezam 8 szt.<\/strong><br \/>\n<strong>California wakame 8 szt.<\/strong><br \/>\n<strong>California \u017curawina 8 szt.<\/strong><\/p>\n<p><strong>*Bez Zmian Konfiguracji Zestawu<\/strong><\/p>\n<p><strong>* ilo\u015b\u0107 zam\u00f3wie\u0144 ograniczona<\/strong><\/p>\n<p>* zdj\u0119cie ma charakter pogl\u0105dowy<\/p>\n","protected":false},"featured_media":2066,"template":"","meta":{"_acf_changed":false},"product_brand":[],"product_cat":[89],"product_tag":[],"class_list":{"0":"post-2036","1":"product","2":"type-product","3":"status-publish","4":"has-post-thumbnail","6":"product_cat-haru-set-100-za-100","8":"first","9":"instock","10":"shipping-taxable","11":"product-type-variable"},"acf":[],"_links":{"self":[{"href":"https:\/\/panrest.com\/masamisushipraga\/wp-json\/wp\/v2\/product\/2036","targetHints":{"allow":["GET"]}}],"collection":[{"href":"https:\/\/panrest.com\/masamisushipraga\/wp-json\/wp\/v2\/product"}],"about":[{"href":"https:\/\/panrest.com\/masamisushipraga\/wp-json\/wp\/v2\/types\/product"}],"wp:featuredmedia":[{"embeddable":true,"href":"https:\/\/panrest.com\/masamisushipraga\/wp-json\/wp\/v2\/media\/2066"}],"wp:attachment":[{"href":"https:\/\/panrest.com\/masamisushipraga\/wp-json\/wp\/v2\/media?parent=2036"}],"wp:term":[{"taxonomy":"product_brand","embeddable":true,"href":"https:\/\/panrest.com\/masamisushipraga\/wp-json\/wp\/v2\/product_brand?post=2036"},{"taxonomy":"product_cat","embeddable":true,"href":"https:\/\/panrest.com\/masamisushipraga\/wp-json\/wp\/v2\/product_cat?post=2036"},{"taxonomy":"product_tag","embeddable":true,"href":"https:\/\/panrest.com\/masamisushipraga\/wp-json\/wp\/v2\/product_tag?post=2036"}],"curies":[{"name":"wp","href":"https:\/\/api.w.org\/{rel}","templated":true}]}}