{"id":1971,"date":"2024-11-21T00:06:00","date_gmt":"2024-11-20T23:06:00","guid":{"rendered":"https:\/\/panrest.com\/masamisushipraga\/?post_type=product&#038;p=1971"},"modified":"2025-11-14T12:02:58","modified_gmt":"2025-11-14T11:02:58","slug":"2-dowolne-rameny-zupa-miso-z-lososiem-za-1-zl","status":"publish","type":"product","link":"https:\/\/panrest.com\/masamisushipraga\/produkt\/2-dowolne-rameny-zupa-miso-z-lososiem-za-1-zl\/","title":{"rendered":"2 DOWOLNE RAMENY + ZUPA MISO Z \u0141OSOSIEM ZA 1 Z\u0141"},"content":{"rendered":"<p>Wybierz dwa dowolne rameny i dosta\u0144 zup\u0119 miso z \u0142ososiem <strong>za z\u0142ot\u00f3wk\u0119<\/strong> !<\/p>\n<p>&nbsp;<\/p>\n<p>* zdj\u0119cie ma charakter pogl\u0105dowy<\/p>\n","protected":false},"excerpt":{"rendered":"<p>Wybierz dwa dowolne rameny i dosta\u0144 zup\u0119 miso z \u0142ososiem <strong>za z\u0142ot\u00f3wk\u0119<\/strong> !<\/p>\n<p>&nbsp;<\/p>\n<p>* zdj\u0119cie ma charakter pogl\u0105dowy<\/p>\n","protected":false},"featured_media":2001,"template":"","meta":{"_acf_changed":false},"product_brand":[],"product_cat":[89],"product_tag":[],"class_list":{"0":"post-1971","1":"product","2":"type-product","3":"status-publish","4":"has-post-thumbnail","6":"product_cat-haru-set-100-za-100","8":"first","9":"instock","10":"shipping-taxable","11":"purchasable","12":"product-type-variable","13":"has-default-attributes"},"acf":[],"_links":{"self":[{"href":"https:\/\/panrest.com\/masamisushipraga\/wp-json\/wp\/v2\/product\/1971","targetHints":{"allow":["GET"]}}],"collection":[{"href":"https:\/\/panrest.com\/masamisushipraga\/wp-json\/wp\/v2\/product"}],"about":[{"href":"https:\/\/panrest.com\/masamisushipraga\/wp-json\/wp\/v2\/types\/product"}],"wp:featuredmedia":[{"embeddable":true,"href":"https:\/\/panrest.com\/masamisushipraga\/wp-json\/wp\/v2\/media\/2001"}],"wp:attachment":[{"href":"https:\/\/panrest.com\/masamisushipraga\/wp-json\/wp\/v2\/media?parent=1971"}],"wp:term":[{"taxonomy":"product_brand","embeddable":true,"href":"https:\/\/panrest.com\/masamisushipraga\/wp-json\/wp\/v2\/product_brand?post=1971"},{"taxonomy":"product_cat","embeddable":true,"href":"https:\/\/panrest.com\/masamisushipraga\/wp-json\/wp\/v2\/product_cat?post=1971"},{"taxonomy":"product_tag","embeddable":true,"href":"https:\/\/panrest.com\/masamisushipraga\/wp-json\/wp\/v2\/product_tag?post=1971"}],"curies":[{"name":"wp","href":"https:\/\/api.w.org\/{rel}","templated":true}]}}