{"id":1903,"date":"2024-11-20T23:42:44","date_gmt":"2024-11-20T22:42:44","guid":{"rendered":"https:\/\/panrest.com\/masamisushipraga\/?post_type=product&#038;p=1903"},"modified":"2025-03-23T12:29:57","modified_gmt":"2025-03-23T11:29:57","slug":"kokoro-set-38-szt","status":"publish","type":"product","link":"https:\/\/panrest.com\/masamisushipraga\/produkt\/kokoro-set-38-szt\/","title":{"rendered":"KOKORO SET 38 SZT."},"content":{"rendered":"<p><strong>Futomaki krewetka w tempurze 6 szt.\u00a0<\/strong><br \/>\n<strong>Futomaki philadelphia \u0142oso\u015b 6 szt.\u00a0<\/strong><br \/>\n<strong>Futomaki halibut w tempurze 6 szt.\u00a0<\/strong><br \/>\n<strong>California ebi gold 4 szt.<\/strong><br \/>\n<strong>California \u0142oso\u015b i tobiko 4 szt.\u00a0<\/strong><br \/>\n<strong>Hosomaki sake kyu &#8211; \u0142oso\u015b &amp; og\u00f3rek 4 szt.\u00a0<\/strong><br \/>\n<strong>Hosomaki oshinko kyu na ostro w tempurze 4 szt.\u00a0<\/strong><br \/>\n<strong>in tempura 4 pcs<\/strong><br \/>\n<strong>Hosomaki awokado i majonez 4 szt.<\/strong><\/p>\n<p>&nbsp;<\/p>\n<p>* zdj\u0119cie ma charakter pogl\u0105dowy<\/p>\n","protected":false},"excerpt":{"rendered":"<p><strong>Futomaki krewetka w tempurze 6 szt.\u00a0<\/strong><br \/>\n<strong>Futomaki philadelphia \u0142oso\u015b 6 szt.\u00a0<\/strong><br \/>\n<strong>Futomaki halibut w tempurze 6 szt.\u00a0<\/strong><br \/>\n<strong>California ebi gold 4 szt.<\/strong><br \/>\n<strong>California \u0142oso\u015b i tobiko 4 szt.\u00a0<\/strong><br \/>\n<strong>Hosomaki sake kyu &#8211; \u0142oso\u015b &amp; og\u00f3rek 4 szt.\u00a0<\/strong><br \/>\n<strong>Hosomaki oshinko kyu na ostro w tempurze 4 szt.\u00a0<\/strong><br \/>\n<strong>in tempura 4 pcs<\/strong><br \/>\n<strong>Hosomaki awokado i majonez 4 szt.<\/strong><\/p>\n<p>&nbsp;<\/p>\n<p>* zdj\u0119cie ma charakter pogl\u0105dowy<\/p>\n","protected":false},"featured_media":1942,"template":"","meta":{"_acf_changed":false},"product_brand":[],"product_cat":[63],"product_tag":[],"class_list":{"0":"post-1903","1":"product","2":"type-product","3":"status-publish","4":"has-post-thumbnail","6":"product_cat-zestawy-sushi","8":"first","9":"instock","10":"shipping-taxable","11":"purchasable","12":"product-type-variable"},"acf":[],"_links":{"self":[{"href":"https:\/\/panrest.com\/masamisushipraga\/wp-json\/wp\/v2\/product\/1903","targetHints":{"allow":["GET"]}}],"collection":[{"href":"https:\/\/panrest.com\/masamisushipraga\/wp-json\/wp\/v2\/product"}],"about":[{"href":"https:\/\/panrest.com\/masamisushipraga\/wp-json\/wp\/v2\/types\/product"}],"wp:featuredmedia":[{"embeddable":true,"href":"https:\/\/panrest.com\/masamisushipraga\/wp-json\/wp\/v2\/media\/1942"}],"wp:attachment":[{"href":"https:\/\/panrest.com\/masamisushipraga\/wp-json\/wp\/v2\/media?parent=1903"}],"wp:term":[{"taxonomy":"product_brand","embeddable":true,"href":"https:\/\/panrest.com\/masamisushipraga\/wp-json\/wp\/v2\/product_brand?post=1903"},{"taxonomy":"product_cat","embeddable":true,"href":"https:\/\/panrest.com\/masamisushipraga\/wp-json\/wp\/v2\/product_cat?post=1903"},{"taxonomy":"product_tag","embeddable":true,"href":"https:\/\/panrest.com\/masamisushipraga\/wp-json\/wp\/v2\/product_tag?post=1903"}],"curies":[{"name":"wp","href":"https:\/\/api.w.org\/{rel}","templated":true}]}}