{"id":1892,"date":"2024-11-20T23:39:50","date_gmt":"2024-11-20T22:39:50","guid":{"rendered":"https:\/\/panrest.com\/masamisushipraga\/?post_type=product&#038;p=1892"},"modified":"2024-11-21T13:36:22","modified_gmt":"2024-11-21T12:36:22","slug":"plyutaka-ni-5-szt-enyutaka-ni-5-szt","status":"publish","type":"product","link":"https:\/\/panrest.com\/masamisushipraga\/produkt\/plyutaka-ni-5-szt-enyutaka-ni-5-szt\/","title":{"rendered":"YUTAKA NI 5 SZT."},"content":{"rendered":"<p><strong>California futomaki z surimi ob\u0142o\u017cona opalanym \u0142ososiem w <\/strong><strong>s\u0142odko &#8211; kwa\u015bnym sosie z sa\u0142atk\u0105 wakame i tobiko<\/strong><\/p>\n<p>&nbsp;<\/p>\n<p>* zdj\u0119cie ma charakter pogl\u0105dowy<\/p>\n","protected":false},"excerpt":{"rendered":"<p><strong>California futomaki z surimi ob\u0142o\u017cona opalanym \u0142ososiem w <\/strong><strong>s\u0142odko &#8211; kwa\u015bnym sosie z sa\u0142atk\u0105 wakame i tobiko<\/strong><\/p>\n<p>&nbsp;<\/p>\n<p>* zdj\u0119cie ma charakter pogl\u0105dowy<\/p>\n","protected":false},"featured_media":1919,"template":"","meta":{"_acf_changed":false},"product_brand":[],"product_cat":[49],"product_tag":[],"class_list":{"0":"post-1892","1":"product","2":"type-product","3":"status-publish","4":"has-post-thumbnail","6":"product_cat-california-futomaki","8":"first","9":"instock","10":"shipping-taxable","11":"purchasable","12":"product-type-simple"},"acf":[],"_links":{"self":[{"href":"https:\/\/panrest.com\/masamisushipraga\/wp-json\/wp\/v2\/product\/1892","targetHints":{"allow":["GET"]}}],"collection":[{"href":"https:\/\/panrest.com\/masamisushipraga\/wp-json\/wp\/v2\/product"}],"about":[{"href":"https:\/\/panrest.com\/masamisushipraga\/wp-json\/wp\/v2\/types\/product"}],"wp:featuredmedia":[{"embeddable":true,"href":"https:\/\/panrest.com\/masamisushipraga\/wp-json\/wp\/v2\/media\/1919"}],"wp:attachment":[{"href":"https:\/\/panrest.com\/masamisushipraga\/wp-json\/wp\/v2\/media?parent=1892"}],"wp:term":[{"taxonomy":"product_brand","embeddable":true,"href":"https:\/\/panrest.com\/masamisushipraga\/wp-json\/wp\/v2\/product_brand?post=1892"},{"taxonomy":"product_cat","embeddable":true,"href":"https:\/\/panrest.com\/masamisushipraga\/wp-json\/wp\/v2\/product_cat?post=1892"},{"taxonomy":"product_tag","embeddable":true,"href":"https:\/\/panrest.com\/masamisushipraga\/wp-json\/wp\/v2\/product_tag?post=1892"}],"curies":[{"name":"wp","href":"https:\/\/api.w.org\/{rel}","templated":true}]}}