{"id":1802,"date":"2024-11-20T23:30:00","date_gmt":"2024-11-20T22:30:00","guid":{"rendered":"https:\/\/panrest.com\/masamisushipraga\/?post_type=product&#038;p=1802"},"modified":"2024-11-21T13:24:39","modified_gmt":"2024-11-21T12:24:39","slug":"shoyu-ramen-z-kurczakiem","status":"publish","type":"product","link":"https:\/\/panrest.com\/masamisushipraga\/produkt\/shoyu-ramen-z-kurczakiem\/","title":{"rendered":"SHOYU RAMEN Z KURCZAKIEM"},"content":{"rendered":"<p>Nieocenione doznania smakowe drobiowego ramenu. Daj si\u0119 prowadzi\u0107 idealnej harmonii smak\u00f3w.<\/p>\n<p>(bulion mi\u0119sny, makaron, kurczak, jajko, grzyby mun, pomidorki cherry, pra\u017cona cebulka)<\/p>\n<p><strong>* Zdj\u0119cie ma charakter pogl\u0105dowy<\/strong><\/p>\n","protected":false},"excerpt":{"rendered":"<p>Nieocenione doznania smakowe drobiowego ramenu. Daj si\u0119 prowadzi\u0107 idealnej harmonii smak\u00f3w.<\/p>\n<p>(bulion mi\u0119sny, makaron, kurczak, jajko, grzyby mun, pomidorki cherry, pra\u017cona cebulka)<\/p>\n<p><strong>* Zdj\u0119cie ma charakter pogl\u0105dowy<\/strong><\/p>\n","protected":false},"featured_media":1838,"template":"","meta":{"_acf_changed":false},"product_brand":[],"product_cat":[57],"product_tag":[],"class_list":{"0":"post-1802","1":"product","2":"type-product","3":"status-publish","4":"has-post-thumbnail","6":"product_cat-rameny","8":"first","9":"instock","10":"shipping-taxable","11":"purchasable","12":"product-type-simple"},"acf":[],"_links":{"self":[{"href":"https:\/\/panrest.com\/masamisushipraga\/wp-json\/wp\/v2\/product\/1802","targetHints":{"allow":["GET"]}}],"collection":[{"href":"https:\/\/panrest.com\/masamisushipraga\/wp-json\/wp\/v2\/product"}],"about":[{"href":"https:\/\/panrest.com\/masamisushipraga\/wp-json\/wp\/v2\/types\/product"}],"wp:featuredmedia":[{"embeddable":true,"href":"https:\/\/panrest.com\/masamisushipraga\/wp-json\/wp\/v2\/media\/1838"}],"wp:attachment":[{"href":"https:\/\/panrest.com\/masamisushipraga\/wp-json\/wp\/v2\/media?parent=1802"}],"wp:term":[{"taxonomy":"product_brand","embeddable":true,"href":"https:\/\/panrest.com\/masamisushipraga\/wp-json\/wp\/v2\/product_brand?post=1802"},{"taxonomy":"product_cat","embeddable":true,"href":"https:\/\/panrest.com\/masamisushipraga\/wp-json\/wp\/v2\/product_cat?post=1802"},{"taxonomy":"product_tag","embeddable":true,"href":"https:\/\/panrest.com\/masamisushipraga\/wp-json\/wp\/v2\/product_tag?post=1802"}],"curies":[{"name":"wp","href":"https:\/\/api.w.org\/{rel}","templated":true}]}}