{"id":1736,"date":"2024-11-20T23:21:55","date_gmt":"2024-11-20T22:21:55","guid":{"rendered":"https:\/\/panrest.com\/masamisushipraga\/?post_type=product&#038;p=1736"},"modified":"2024-11-21T13:30:23","modified_gmt":"2024-11-21T12:30:23","slug":"aki-set-60-szt","status":"publish","type":"product","link":"https:\/\/panrest.com\/masamisushipraga\/produkt\/aki-set-60-szt\/","title":{"rendered":"AKI SET 60 SZT."},"content":{"rendered":"<p><strong>Futomaki Philadelphia \u0141oso\u015b 6 szt.<\/strong><br \/>\n<strong>Futomaki Hirame Tempura 6 szt.<\/strong><br \/>\n<strong>California Gold 8 szt.<\/strong><br \/>\n<strong>California Krab Tobiko 8 szt.<\/strong><br \/>\n<strong>California Gotowany \u0141oso\u015b \u00a08 szt.<\/strong><br \/>\n<strong>California Wegetaria\u0144skie 8 szt.<\/strong><br \/>\n<strong>Hosomaki tatar z \u0141ososia 8 szt.<\/strong><br \/>\n<strong>Hosomaki Oshinko 8 szt.<\/strong><\/p>\n<p><strong>Powi\u0119ksz Zestaw o 6 szt. Pieczony\u00a0\u0141oso\u015b tylko za 16.90 z\u0142<\/strong><\/p>\n<p>&nbsp;<\/p>\n<p>* zdj\u0119cie ma charakter pogl\u0105dowy<\/p>\n","protected":false},"excerpt":{"rendered":"<p><strong>Futomaki Philadelphia \u0141oso\u015b 6 szt.<\/strong><br \/>\n<strong>Futomaki Hirame Tempura 6 szt.<\/strong><br \/>\n<strong>California Gold 8 szt.<\/strong><br \/>\n<strong>California Krab Tobiko 8 szt.<\/strong><br \/>\n<strong>California Gotowany \u0141oso\u015b \u00a08 szt.<\/strong><br \/>\n<strong>California Wegetaria\u0144skie 8 szt.<\/strong><br \/>\n<strong>Hosomaki tatar z \u0141ososia 8 szt.<\/strong><br \/>\n<strong>Hosomaki Oshinko 8 szt.<\/strong><\/p>\n<p><strong>Powi\u0119ksz Zestaw o 6 szt. Pieczony\u00a0\u0141oso\u015b tylko za 16.90 z\u0142<\/strong><\/p>\n<p>* zdj\u0119cie ma charakter pogl\u0105dowy<\/p>\n","protected":false},"featured_media":1795,"template":"","meta":{"_acf_changed":false},"product_brand":[],"product_cat":[42],"product_tag":[],"class_list":{"0":"post-1736","1":"product","2":"type-product","3":"status-publish","4":"has-post-thumbnail","6":"product_cat-bestsellers","8":"first","9":"instock","10":"shipping-taxable","11":"purchasable","12":"product-type-variable"},"acf":[],"_links":{"self":[{"href":"https:\/\/panrest.com\/masamisushipraga\/wp-json\/wp\/v2\/product\/1736","targetHints":{"allow":["GET"]}}],"collection":[{"href":"https:\/\/panrest.com\/masamisushipraga\/wp-json\/wp\/v2\/product"}],"about":[{"href":"https:\/\/panrest.com\/masamisushipraga\/wp-json\/wp\/v2\/types\/product"}],"wp:featuredmedia":[{"embeddable":true,"href":"https:\/\/panrest.com\/masamisushipraga\/wp-json\/wp\/v2\/media\/1795"}],"wp:attachment":[{"href":"https:\/\/panrest.com\/masamisushipraga\/wp-json\/wp\/v2\/media?parent=1736"}],"wp:term":[{"taxonomy":"product_brand","embeddable":true,"href":"https:\/\/panrest.com\/masamisushipraga\/wp-json\/wp\/v2\/product_brand?post=1736"},{"taxonomy":"product_cat","embeddable":true,"href":"https:\/\/panrest.com\/masamisushipraga\/wp-json\/wp\/v2\/product_cat?post=1736"},{"taxonomy":"product_tag","embeddable":true,"href":"https:\/\/panrest.com\/masamisushipraga\/wp-json\/wp\/v2\/product_tag?post=1736"}],"curies":[{"name":"wp","href":"https:\/\/api.w.org\/{rel}","templated":true}]}}