{"id":1626,"date":"2024-11-20T23:10:44","date_gmt":"2024-11-20T22:10:44","guid":{"rendered":"https:\/\/panrest.com\/masamisushipraga\/?post_type=product&#038;p=1626"},"modified":"2024-11-21T14:03:02","modified_gmt":"2024-11-21T13:03:02","slug":"plfutomaki-krewetka-w-tempurze-6-szt-enkrewetka-w-tempurze","status":"publish","type":"product","link":"https:\/\/panrest.com\/masamisushipraga\/produkt\/plfutomaki-krewetka-w-tempurze-6-szt-enkrewetka-w-tempurze\/","title":{"rendered":"FUTOMAKI KREWETKA W TEMPURZE 6 SZT."},"content":{"rendered":"<p><strong>Sma\u017cona krewetka w chrupi\u0105cej panierce z majonezem i sa\u0142at\u0105<\/strong><\/p>\n<p>* zdj\u0119cie ma charakter pogl\u0105dowy<\/p>\n","protected":false},"excerpt":{"rendered":"<p><strong>Sma\u017cona krewetka w chrupi\u0105cej panierce z majonezem i sa\u0142at\u0105<\/strong><\/p>\n<p>* zdj\u0119cie ma charakter pogl\u0105dowy<\/p>\n","protected":false},"featured_media":1671,"template":"","meta":{"_acf_changed":false},"product_brand":[],"product_cat":[47],"product_tag":[],"class_list":{"0":"post-1626","1":"product","2":"type-product","3":"status-publish","4":"has-post-thumbnail","6":"product_cat-pieczone-maki","8":"first","9":"instock","10":"shipping-taxable","11":"purchasable","12":"product-type-simple"},"acf":[],"_links":{"self":[{"href":"https:\/\/panrest.com\/masamisushipraga\/wp-json\/wp\/v2\/product\/1626","targetHints":{"allow":["GET"]}}],"collection":[{"href":"https:\/\/panrest.com\/masamisushipraga\/wp-json\/wp\/v2\/product"}],"about":[{"href":"https:\/\/panrest.com\/masamisushipraga\/wp-json\/wp\/v2\/types\/product"}],"wp:featuredmedia":[{"embeddable":true,"href":"https:\/\/panrest.com\/masamisushipraga\/wp-json\/wp\/v2\/media\/1671"}],"wp:attachment":[{"href":"https:\/\/panrest.com\/masamisushipraga\/wp-json\/wp\/v2\/media?parent=1626"}],"wp:term":[{"taxonomy":"product_brand","embeddable":true,"href":"https:\/\/panrest.com\/masamisushipraga\/wp-json\/wp\/v2\/product_brand?post=1626"},{"taxonomy":"product_cat","embeddable":true,"href":"https:\/\/panrest.com\/masamisushipraga\/wp-json\/wp\/v2\/product_cat?post=1626"},{"taxonomy":"product_tag","embeddable":true,"href":"https:\/\/panrest.com\/masamisushipraga\/wp-json\/wp\/v2\/product_tag?post=1626"}],"curies":[{"name":"wp","href":"https:\/\/api.w.org\/{rel}","templated":true}]}}