{"id":2182,"date":"2024-11-21T00:26:36","date_gmt":"2024-11-20T23:26:36","guid":{"rendered":"https:\/\/panrest.com\/masamimokotow\/?post_type=product&#038;p=2182"},"modified":"2025-12-08T19:18:45","modified_gmt":"2025-12-08T18:18:45","slug":"sushi-burger-tempura-losos-pieczony","status":"publish","type":"product","link":"https:\/\/panrest.com\/masamimokotow\/produkt\/sushi-burger-tempura-losos-pieczony\/","title":{"rendered":"Sushi Burger Tempura \u0141oso\u015b Pieczony"},"content":{"rendered":"<p>\u0142oso\u015b pieczony<br \/>\nsos kabayaki<\/p>\n","protected":false},"excerpt":{"rendered":"<p>\u0142oso\u015b pieczony<br \/>\nsos kabayaki<\/p>\n","protected":false},"featured_media":2194,"template":"","meta":{"_acf_changed":false},"product_brand":[],"product_cat":[86],"product_tag":[],"class_list":{"0":"post-2182","1":"product","2":"type-product","3":"status-publish","4":"has-post-thumbnail","6":"product_cat-plnowosc-oferta-sezonowaenoferta-sezonowa","8":"first","9":"instock","10":"shipping-taxable","11":"purchasable","12":"product-type-simple"},"acf":[],"_links":{"self":[{"href":"https:\/\/panrest.com\/masamimokotow\/wp-json\/wp\/v2\/product\/2182","targetHints":{"allow":["GET"]}}],"collection":[{"href":"https:\/\/panrest.com\/masamimokotow\/wp-json\/wp\/v2\/product"}],"about":[{"href":"https:\/\/panrest.com\/masamimokotow\/wp-json\/wp\/v2\/types\/product"}],"wp:featuredmedia":[{"embeddable":true,"href":"https:\/\/panrest.com\/masamimokotow\/wp-json\/wp\/v2\/media\/2194"}],"wp:attachment":[{"href":"https:\/\/panrest.com\/masamimokotow\/wp-json\/wp\/v2\/media?parent=2182"}],"wp:term":[{"taxonomy":"product_brand","embeddable":true,"href":"https:\/\/panrest.com\/masamimokotow\/wp-json\/wp\/v2\/product_brand?post=2182"},{"taxonomy":"product_cat","embeddable":true,"href":"https:\/\/panrest.com\/masamimokotow\/wp-json\/wp\/v2\/product_cat?post=2182"},{"taxonomy":"product_tag","embeddable":true,"href":"https:\/\/panrest.com\/masamimokotow\/wp-json\/wp\/v2\/product_tag?post=2182"}],"curies":[{"name":"wp","href":"https:\/\/api.w.org\/{rel}","templated":true}]}}