{"id":1806,"date":"2024-11-20T23:30:04","date_gmt":"2024-11-20T22:30:04","guid":{"rendered":"https:\/\/panrest.com\/masamimokotow\/?post_type=product&#038;p=1806"},"modified":"2025-12-08T19:18:49","modified_gmt":"2025-12-08T18:18:49","slug":"kimchi-ramen-z-krewetkami","status":"publish","type":"product","link":"https:\/\/panrest.com\/masamimokotow\/produkt\/kimchi-ramen-z-krewetkami\/","title":{"rendered":"KIMCHI RAMEN Z KREWETKAMI"},"content":{"rendered":"<p>Idealnie zbalansowany, to w\u0142a\u015bnie ramen Miso. Jego mocny smak otrzymany z pasty miso, zniewoli ka\u017cdego wytrawnego smakosza.<\/p>\n<p>(bulion mi\u0119sny, makaron, krewetki, jajko, grzyby mun, algi wakame)<\/p>\n<p><strong>* Zdj\u0119cie ma charakter pogl\u0105dowy<\/strong><\/p>\n","protected":false},"excerpt":{"rendered":"<p>Idealnie zbalansowany, to w\u0142a\u015bnie ramen Miso. Jego mocny smak otrzymany z pasty miso, zniewoli ka\u017cdego wytrawnego smakosza.<\/p>\n<p>(bulion mi\u0119sny, makaron, krewetki, jajko, grzyby mun, algi wakame)<\/p>\n<p><strong>* Zdj\u0119cie ma charakter pogl\u0105dowy<\/strong><\/p>\n","protected":false},"featured_media":1837,"template":"","meta":{"_acf_changed":false},"product_brand":[],"product_cat":[57],"product_tag":[],"class_list":{"0":"post-1806","1":"product","2":"type-product","3":"status-publish","4":"has-post-thumbnail","6":"product_cat-rameny","8":"first","9":"instock","10":"shipping-taxable","11":"purchasable","12":"product-type-simple"},"acf":[],"_links":{"self":[{"href":"https:\/\/panrest.com\/masamimokotow\/wp-json\/wp\/v2\/product\/1806","targetHints":{"allow":["GET"]}}],"collection":[{"href":"https:\/\/panrest.com\/masamimokotow\/wp-json\/wp\/v2\/product"}],"about":[{"href":"https:\/\/panrest.com\/masamimokotow\/wp-json\/wp\/v2\/types\/product"}],"wp:featuredmedia":[{"embeddable":true,"href":"https:\/\/panrest.com\/masamimokotow\/wp-json\/wp\/v2\/media\/1837"}],"wp:attachment":[{"href":"https:\/\/panrest.com\/masamimokotow\/wp-json\/wp\/v2\/media?parent=1806"}],"wp:term":[{"taxonomy":"product_brand","embeddable":true,"href":"https:\/\/panrest.com\/masamimokotow\/wp-json\/wp\/v2\/product_brand?post=1806"},{"taxonomy":"product_cat","embeddable":true,"href":"https:\/\/panrest.com\/masamimokotow\/wp-json\/wp\/v2\/product_cat?post=1806"},{"taxonomy":"product_tag","embeddable":true,"href":"https:\/\/panrest.com\/masamimokotow\/wp-json\/wp\/v2\/product_tag?post=1806"}],"curies":[{"name":"wp","href":"https:\/\/api.w.org\/{rel}","templated":true}]}}