{"id":1803,"date":"2024-11-20T23:30:01","date_gmt":"2024-11-20T22:30:01","guid":{"rendered":"https:\/\/panrest.com\/masamimokotow\/?post_type=product&#038;p=1803"},"modified":"2025-12-08T19:18:49","modified_gmt":"2025-12-08T18:18:49","slug":"wegetarianski-shitake-ramen","status":"publish","type":"product","link":"https:\/\/panrest.com\/masamimokotow\/produkt\/wegetarianski-shitake-ramen\/","title":{"rendered":"WEGETARIA\u0143SKI SHITAKE RAMEN"},"content":{"rendered":"<p>Niezwykle g\u0142\u0119boki smak grzybowego bulionu, gdzie pierwsze skrzypce graj\u0105 shiitake. Ich lecznicze w\u0142a\u015bciwo\u015bci odm\u0142odz\u0105 ci wewn\u0119trznie b\u0119d\u0105c wprost balsamem dla serca.<\/p>\n<p>(bulion grzybowy, makaron, \u015bmietana, grzyby mun i shitake, kukurydza, edamame)<\/p>\n<p><strong>* Zdj\u0119cie ma charakter pogl\u0105dowy<\/strong><\/p>\n","protected":false},"excerpt":{"rendered":"<p>Niezwykle g\u0142\u0119boki smak grzybowego bulionu, gdzie pierwsze skrzypce graj\u0105 shiitake. Ich lecznicze w\u0142a\u015bciwo\u015bci odm\u0142odz\u0105 ci wewn\u0119trznie b\u0119d\u0105c wprost balsamem dla serca.<\/p>\n<p>(bulion grzybowy, makaron, \u015bmietana, grzyby mun i shitake, kukurydza, edamame)<\/p>\n<p><strong>* Zdj\u0119cie ma charakter pogl\u0105dowy<\/strong><\/p>\n","protected":false},"featured_media":1844,"template":"","meta":{"_acf_changed":false},"product_brand":[],"product_cat":[57],"product_tag":[],"class_list":{"0":"post-1803","1":"product","2":"type-product","3":"status-publish","4":"has-post-thumbnail","6":"product_cat-rameny","8":"first","9":"instock","10":"shipping-taxable","11":"purchasable","12":"product-type-simple"},"acf":[],"_links":{"self":[{"href":"https:\/\/panrest.com\/masamimokotow\/wp-json\/wp\/v2\/product\/1803","targetHints":{"allow":["GET"]}}],"collection":[{"href":"https:\/\/panrest.com\/masamimokotow\/wp-json\/wp\/v2\/product"}],"about":[{"href":"https:\/\/panrest.com\/masamimokotow\/wp-json\/wp\/v2\/types\/product"}],"wp:featuredmedia":[{"embeddable":true,"href":"https:\/\/panrest.com\/masamimokotow\/wp-json\/wp\/v2\/media\/1844"}],"wp:attachment":[{"href":"https:\/\/panrest.com\/masamimokotow\/wp-json\/wp\/v2\/media?parent=1803"}],"wp:term":[{"taxonomy":"product_brand","embeddable":true,"href":"https:\/\/panrest.com\/masamimokotow\/wp-json\/wp\/v2\/product_brand?post=1803"},{"taxonomy":"product_cat","embeddable":true,"href":"https:\/\/panrest.com\/masamimokotow\/wp-json\/wp\/v2\/product_cat?post=1803"},{"taxonomy":"product_tag","embeddable":true,"href":"https:\/\/panrest.com\/masamimokotow\/wp-json\/wp\/v2\/product_tag?post=1803"}],"curies":[{"name":"wp","href":"https:\/\/api.w.org\/{rel}","templated":true}]}}