{"id":1801,"date":"2024-11-20T23:29:59","date_gmt":"2024-11-20T22:29:59","guid":{"rendered":"https:\/\/panrest.com\/masamimokotow\/?post_type=product&#038;p=1801"},"modified":"2025-12-08T19:18:49","modified_gmt":"2025-12-08T18:18:49","slug":"ramen-kimchi-z-wieprzowina","status":"publish","type":"product","link":"https:\/\/panrest.com\/masamimokotow\/produkt\/ramen-kimchi-z-wieprzowina\/","title":{"rendered":"RAMEN KIMCHI Z WIEPRZOWIN\u0104"},"content":{"rendered":"<p>Jednym s\u0142owem &#8211; witaminowa bomba. Ta odmiana ramenu\u00a0z subtelno\u015bci\u015b podra\u017cni nasze zako\u0144czenia nerwowe &#8211; sprawiaj\u0105c przyjemny b\u00f3l.<\/p>\n<p>(bulion mi\u0119sny z kimchi, makaron, wieprzowina, jajko, sa\u0142atka kimchi, oshinko, tofu)<\/p>\n<p><strong>* Zdj\u0119cie ma charakter pogl\u0105dowy<\/strong><\/p>\n","protected":false},"excerpt":{"rendered":"<p>Jednym s\u0142owem &#8211; witaminowa bomba. Ta odmiana ramenu\u00a0z subtelno\u015bci\u015b podra\u017cni nasze zako\u0144czenia nerwowe &#8211; sprawiaj\u0105c przyjemny b\u00f3l.<\/p>\n<p>(bulion mi\u0119sny z kimchi, makaron, wieprzowina, jajko, sa\u0142atka kimchi, oshinko, tofu)<\/p>\n<p><strong>* Zdj\u0119cie ma charakter pogl\u0105dowy<\/strong><\/p>\n","protected":false},"featured_media":1837,"template":"","meta":{"_acf_changed":false},"product_brand":[],"product_cat":[57],"product_tag":[],"class_list":{"0":"post-1801","1":"product","2":"type-product","3":"status-publish","4":"has-post-thumbnail","6":"product_cat-rameny","8":"first","9":"instock","10":"shipping-taxable","11":"purchasable","12":"product-type-simple"},"acf":[],"_links":{"self":[{"href":"https:\/\/panrest.com\/masamimokotow\/wp-json\/wp\/v2\/product\/1801","targetHints":{"allow":["GET"]}}],"collection":[{"href":"https:\/\/panrest.com\/masamimokotow\/wp-json\/wp\/v2\/product"}],"about":[{"href":"https:\/\/panrest.com\/masamimokotow\/wp-json\/wp\/v2\/types\/product"}],"wp:featuredmedia":[{"embeddable":true,"href":"https:\/\/panrest.com\/masamimokotow\/wp-json\/wp\/v2\/media\/1837"}],"wp:attachment":[{"href":"https:\/\/panrest.com\/masamimokotow\/wp-json\/wp\/v2\/media?parent=1801"}],"wp:term":[{"taxonomy":"product_brand","embeddable":true,"href":"https:\/\/panrest.com\/masamimokotow\/wp-json\/wp\/v2\/product_brand?post=1801"},{"taxonomy":"product_cat","embeddable":true,"href":"https:\/\/panrest.com\/masamimokotow\/wp-json\/wp\/v2\/product_cat?post=1801"},{"taxonomy":"product_tag","embeddable":true,"href":"https:\/\/panrest.com\/masamimokotow\/wp-json\/wp\/v2\/product_tag?post=1801"}],"curies":[{"name":"wp","href":"https:\/\/api.w.org\/{rel}","templated":true}]}}