{"id":1800,"date":"2024-11-20T23:29:58","date_gmt":"2024-11-20T22:29:58","guid":{"rendered":"https:\/\/panrest.com\/masamimokotow\/?post_type=product&#038;p=1800"},"modified":"2025-12-08T19:18:49","modified_gmt":"2025-12-08T18:18:49","slug":"ramen-sukiyaki-z-wolowina","status":"publish","type":"product","link":"https:\/\/panrest.com\/masamimokotow\/produkt\/ramen-sukiyaki-z-wolowina\/","title":{"rendered":"RAMEN SUKIYAKI Z WO\u0141OWIN\u0104"},"content":{"rendered":"<p>Niezwykle rozgrzewaj\u0105cy ramen, kt\u00f3ry otuli ci\u0119 swym g\u0142\u0119bokim, gor\u0105cym smakiem z nut\u0105 s\u0142odko\u015bci w tle.<br \/>\n(bulion mi\u0119sny, makaron, wo\u0142owina, jajko, \u015bwie\u017ce grzyby, edamame)<\/p>\n<p><strong>* Zdj\u0119cie ma charakter pogl\u0105dowy<\/strong><\/p>\n","protected":false},"excerpt":{"rendered":"<p>Niezwykle rozgrzewaj\u0105cy ramen, kt\u00f3ry otuli ci\u0119 swym g\u0142\u0119bokim, gor\u0105cym smakiem z nut\u0105 s\u0142odko\u015bci w tle.<br \/>\n(bulion mi\u0119sny, makaron, wo\u0142owina, jajko, \u015bwie\u017ce grzyby, edamame)<\/p>\n<p><strong>* Zdj\u0119cie ma charakter pogl\u0105dowy<\/strong><\/p>\n","protected":false},"featured_media":1836,"template":"","meta":{"_acf_changed":false},"product_brand":[],"product_cat":[57],"product_tag":[],"class_list":{"0":"post-1800","1":"product","2":"type-product","3":"status-publish","4":"has-post-thumbnail","6":"product_cat-rameny","8":"first","9":"instock","10":"shipping-taxable","11":"purchasable","12":"product-type-simple"},"acf":[],"_links":{"self":[{"href":"https:\/\/panrest.com\/masamimokotow\/wp-json\/wp\/v2\/product\/1800","targetHints":{"allow":["GET"]}}],"collection":[{"href":"https:\/\/panrest.com\/masamimokotow\/wp-json\/wp\/v2\/product"}],"about":[{"href":"https:\/\/panrest.com\/masamimokotow\/wp-json\/wp\/v2\/types\/product"}],"wp:featuredmedia":[{"embeddable":true,"href":"https:\/\/panrest.com\/masamimokotow\/wp-json\/wp\/v2\/media\/1836"}],"wp:attachment":[{"href":"https:\/\/panrest.com\/masamimokotow\/wp-json\/wp\/v2\/media?parent=1800"}],"wp:term":[{"taxonomy":"product_brand","embeddable":true,"href":"https:\/\/panrest.com\/masamimokotow\/wp-json\/wp\/v2\/product_brand?post=1800"},{"taxonomy":"product_cat","embeddable":true,"href":"https:\/\/panrest.com\/masamimokotow\/wp-json\/wp\/v2\/product_cat?post=1800"},{"taxonomy":"product_tag","embeddable":true,"href":"https:\/\/panrest.com\/masamimokotow\/wp-json\/wp\/v2\/product_tag?post=1800"}],"curies":[{"name":"wp","href":"https:\/\/api.w.org\/{rel}","templated":true}]}}