{"id":1646,"date":"2024-11-20T23:11:24","date_gmt":"2024-11-20T22:11:24","guid":{"rendered":"https:\/\/panrest.com\/masamimokotow\/?post_type=product&#038;p=1646"},"modified":"2025-12-08T19:18:51","modified_gmt":"2025-12-08T18:18:51","slug":"california-futomaki-pieczony-losos-5-szt","status":"publish","type":"product","link":"https:\/\/panrest.com\/masamimokotow\/produkt\/california-futomaki-pieczony-losos-5-szt\/","title":{"rendered":"CALIFORNIA FUTOMAKI PIECZONY \u0141OSO\u015a 5 SZT."},"content":{"rendered":"<p><strong>California Futomaki Pieczony \u0141oso\u015b<\/strong><\/p>\n<p>* zdj\u0119cie ma charakter pogl\u0105dowy<\/p>\n","protected":false},"excerpt":{"rendered":"<p><strong>California Futomaki Pieczony \u0141oso\u015b<\/strong><\/p>\n<p>* zdj\u0119cie ma charakter pogl\u0105dowy<\/p>\n","protected":false},"featured_media":1700,"template":"","meta":{"_acf_changed":false},"product_brand":[],"product_cat":[49],"product_tag":[],"class_list":{"0":"post-1646","1":"product","2":"type-product","3":"status-publish","4":"has-post-thumbnail","6":"product_cat-california-futomaki","8":"first","9":"instock","10":"shipping-taxable","11":"purchasable","12":"product-type-simple"},"acf":[],"_links":{"self":[{"href":"https:\/\/panrest.com\/masamimokotow\/wp-json\/wp\/v2\/product\/1646","targetHints":{"allow":["GET"]}}],"collection":[{"href":"https:\/\/panrest.com\/masamimokotow\/wp-json\/wp\/v2\/product"}],"about":[{"href":"https:\/\/panrest.com\/masamimokotow\/wp-json\/wp\/v2\/types\/product"}],"wp:featuredmedia":[{"embeddable":true,"href":"https:\/\/panrest.com\/masamimokotow\/wp-json\/wp\/v2\/media\/1700"}],"wp:attachment":[{"href":"https:\/\/panrest.com\/masamimokotow\/wp-json\/wp\/v2\/media?parent=1646"}],"wp:term":[{"taxonomy":"product_brand","embeddable":true,"href":"https:\/\/panrest.com\/masamimokotow\/wp-json\/wp\/v2\/product_brand?post=1646"},{"taxonomy":"product_cat","embeddable":true,"href":"https:\/\/panrest.com\/masamimokotow\/wp-json\/wp\/v2\/product_cat?post=1646"},{"taxonomy":"product_tag","embeddable":true,"href":"https:\/\/panrest.com\/masamimokotow\/wp-json\/wp\/v2\/product_tag?post=1646"}],"curies":[{"name":"wp","href":"https:\/\/api.w.org\/{rel}","templated":true}]}}