{"id":2806,"date":"2025-03-16T11:58:10","date_gmt":"2025-03-16T10:58:10","guid":{"rendered":"https:\/\/panrest.com\/masamibialolenka\/?post_type=product&#038;p=2806"},"modified":"2025-03-16T11:58:56","modified_gmt":"2025-03-16T10:58:56","slug":"sakura-set-special","status":"publish","type":"product","link":"https:\/\/panrest.com\/masamibialolenka\/produkt\/sakura-set-special\/","title":{"rendered":"Sakura Set SPECIAL"},"content":{"rendered":"<p>Futomaki pieczony \u0142oso\u015b w migda\u0142ach w tempurze &#8211; 6 szt<br \/>\nFutomaki philadelphia \u0142oso\u015b z sals\u0105 mango &#8211; 6 szt<br \/>\nCalifornia triple salmon &#8211; 4 szt<br \/>\nCalifornia gold krewetka owijana w krewetk\u0119 &#8211; 4 szt<br \/>\nCalifornia surimi i awokado w tobiko &#8211; 4 szt<br \/>\nCalifornia wegetaria\u0144ska w kie\u0142kach &#8211; 4 szt<br \/>\nHossomaki og\u00f3rek &#8211; 8 szt<br \/>\nKrewetki w cie\u015bcie ziemniaczanym &#8211; 4 szt<\/p>\n","protected":false},"excerpt":{"rendered":"<p>Futomaki pieczony \u0142oso\u015b w migda\u0142ach w tempurze &#8211; 6 szt<br \/>\nFutomaki philadelphia \u0142oso\u015b z sals\u0105 mango &#8211; 6 szt<br \/>\nCalifornia triple salmon &#8211; 4 szt<br \/>\nCalifornia gold krewetka owijana w krewetk\u0119 &#8211; 4 szt<br \/>\nCalifornia surimi i awokado w tobiko &#8211; 4 szt<br \/>\nCalifornia wegetaria\u0144ska w kie\u0142kach &#8211; 4 szt<br \/>\nHossomaki og\u00f3rek &#8211; 8 szt<br \/>\nKrewetki w cie\u015bcie ziemniaczanym &#8211; 4 szt<\/p>\n","protected":false},"featured_media":2818,"template":"","meta":{"_acf_changed":false},"product_brand":[],"product_cat":[109],"product_tag":[],"class_list":{"0":"post-2806","1":"product","2":"type-product","3":"status-publish","4":"has-post-thumbnail","6":"product_cat-nowosc-oferta-sezonowa","8":"first","9":"instock","10":"shipping-taxable","11":"purchasable","12":"product-type-simple"},"acf":[],"_links":{"self":[{"href":"https:\/\/panrest.com\/masamibialolenka\/wp-json\/wp\/v2\/product\/2806","targetHints":{"allow":["GET"]}}],"collection":[{"href":"https:\/\/panrest.com\/masamibialolenka\/wp-json\/wp\/v2\/product"}],"about":[{"href":"https:\/\/panrest.com\/masamibialolenka\/wp-json\/wp\/v2\/types\/product"}],"wp:featuredmedia":[{"embeddable":true,"href":"https:\/\/panrest.com\/masamibialolenka\/wp-json\/wp\/v2\/media\/2818"}],"wp:attachment":[{"href":"https:\/\/panrest.com\/masamibialolenka\/wp-json\/wp\/v2\/media?parent=2806"}],"wp:term":[{"taxonomy":"product_brand","embeddable":true,"href":"https:\/\/panrest.com\/masamibialolenka\/wp-json\/wp\/v2\/product_brand?post=2806"},{"taxonomy":"product_cat","embeddable":true,"href":"https:\/\/panrest.com\/masamibialolenka\/wp-json\/wp\/v2\/product_cat?post=2806"},{"taxonomy":"product_tag","embeddable":true,"href":"https:\/\/panrest.com\/masamibialolenka\/wp-json\/wp\/v2\/product_tag?post=2806"}],"curies":[{"name":"wp","href":"https:\/\/api.w.org\/{rel}","templated":true}]}}