{"id":2514,"date":"2025-03-16T11:47:28","date_gmt":"2025-03-16T10:47:28","guid":{"rendered":"https:\/\/panrest.com\/masamibialolenka\/?post_type=product&#038;p=2514"},"modified":"2025-03-16T11:48:50","modified_gmt":"2025-03-16T10:48:50","slug":"yutaka-ni-5-szt","status":"publish","type":"product","link":"https:\/\/panrest.com\/masamibialolenka\/produkt\/yutaka-ni-5-szt\/","title":{"rendered":"YUTAKA NI 5 SZT."},"content":{"rendered":"<p><strong>California futomaki z surimi ob\u0142o\u017cona opalanym \u0142ososiem w <\/strong><strong>s\u0142odko &#8211; kwa\u015bnym sosie z sa\u0142atk\u0105 wakame i tobiko<\/strong><\/p>\n<p>&nbsp;<\/p>\n<p>* zdj\u0119cie ma charakter pogl\u0105dowy<\/p>\n","protected":false},"excerpt":{"rendered":"<p><strong>California futomaki z surimi ob\u0142o\u017cona opalanym \u0142ososiem w <\/strong><strong>s\u0142odko &#8211; kwa\u015bnym sosie z sa\u0142atk\u0105 wakame i tobiko<\/strong><\/p>\n<p>&nbsp;<\/p>\n<p>* zdj\u0119cie ma charakter pogl\u0105dowy<\/p>\n","protected":false},"featured_media":2552,"template":"","meta":{"_acf_changed":false},"product_brand":[],"product_cat":[49],"product_tag":[],"class_list":{"0":"post-2514","1":"product","2":"type-product","3":"status-publish","4":"has-post-thumbnail","6":"product_cat-california-futomaki","8":"first","9":"instock","10":"shipping-taxable","11":"purchasable","12":"product-type-simple"},"acf":[],"_links":{"self":[{"href":"https:\/\/panrest.com\/masamibialolenka\/wp-json\/wp\/v2\/product\/2514","targetHints":{"allow":["GET"]}}],"collection":[{"href":"https:\/\/panrest.com\/masamibialolenka\/wp-json\/wp\/v2\/product"}],"about":[{"href":"https:\/\/panrest.com\/masamibialolenka\/wp-json\/wp\/v2\/types\/product"}],"wp:featuredmedia":[{"embeddable":true,"href":"https:\/\/panrest.com\/masamibialolenka\/wp-json\/wp\/v2\/media\/2552"}],"wp:attachment":[{"href":"https:\/\/panrest.com\/masamibialolenka\/wp-json\/wp\/v2\/media?parent=2514"}],"wp:term":[{"taxonomy":"product_brand","embeddable":true,"href":"https:\/\/panrest.com\/masamibialolenka\/wp-json\/wp\/v2\/product_brand?post=2514"},{"taxonomy":"product_cat","embeddable":true,"href":"https:\/\/panrest.com\/masamibialolenka\/wp-json\/wp\/v2\/product_cat?post=2514"},{"taxonomy":"product_tag","embeddable":true,"href":"https:\/\/panrest.com\/masamibialolenka\/wp-json\/wp\/v2\/product_tag?post=2514"}],"curies":[{"name":"wp","href":"https:\/\/api.w.org\/{rel}","templated":true}]}}