{"id":2447,"date":"2025-03-16T11:44:35","date_gmt":"2025-03-16T10:44:35","guid":{"rendered":"https:\/\/panrest.com\/masamibialolenka\/?post_type=product&#038;p=2447"},"modified":"2025-03-16T11:46:32","modified_gmt":"2025-03-16T10:46:32","slug":"krazki-z-kalmara-6-szt","status":"publish","type":"product","link":"https:\/\/panrest.com\/masamibialolenka\/produkt\/krazki-z-kalmara-6-szt\/","title":{"rendered":"KR\u0104\u017bKI Z KALMARA 6 SZT."},"content":{"rendered":"<p><strong>Kr\u0105\u017cki z Kalmara 6 szt.<\/strong><\/p>\n<p>* zdj\u0119cie ma charakter pogl\u0105dowy<\/p>\n","protected":false},"excerpt":{"rendered":"<p><strong>Kr\u0105\u017cki z Kalmara 6 szt.<\/strong><\/p>\n<p>* zdj\u0119cie ma charakter pogl\u0105dowy<\/p>\n","protected":false},"featured_media":2492,"template":"","meta":{"_acf_changed":false},"product_brand":[],"product_cat":[54],"product_tag":[],"class_list":{"0":"post-2447","1":"product","2":"type-product","3":"status-publish","4":"has-post-thumbnail","6":"product_cat-przystawki","8":"first","9":"instock","10":"shipping-taxable","11":"purchasable","12":"product-type-simple"},"acf":[],"_links":{"self":[{"href":"https:\/\/panrest.com\/masamibialolenka\/wp-json\/wp\/v2\/product\/2447","targetHints":{"allow":["GET"]}}],"collection":[{"href":"https:\/\/panrest.com\/masamibialolenka\/wp-json\/wp\/v2\/product"}],"about":[{"href":"https:\/\/panrest.com\/masamibialolenka\/wp-json\/wp\/v2\/types\/product"}],"wp:featuredmedia":[{"embeddable":true,"href":"https:\/\/panrest.com\/masamibialolenka\/wp-json\/wp\/v2\/media\/2492"}],"wp:attachment":[{"href":"https:\/\/panrest.com\/masamibialolenka\/wp-json\/wp\/v2\/media?parent=2447"}],"wp:term":[{"taxonomy":"product_brand","embeddable":true,"href":"https:\/\/panrest.com\/masamibialolenka\/wp-json\/wp\/v2\/product_brand?post=2447"},{"taxonomy":"product_cat","embeddable":true,"href":"https:\/\/panrest.com\/masamibialolenka\/wp-json\/wp\/v2\/product_cat?post=2447"},{"taxonomy":"product_tag","embeddable":true,"href":"https:\/\/panrest.com\/masamibialolenka\/wp-json\/wp\/v2\/product_tag?post=2447"}],"curies":[{"name":"wp","href":"https:\/\/api.w.org\/{rel}","templated":true}]}}