{"id":2254,"date":"2025-03-16T11:37:58","date_gmt":"2025-03-16T10:37:58","guid":{"rendered":"https:\/\/panrest.com\/masamibialolenka\/?post_type=product&#038;p=2254"},"modified":"2025-03-16T11:39:45","modified_gmt":"2025-03-16T10:39:45","slug":"pieczona-ryba-maslana-6-szt","status":"publish","type":"product","link":"https:\/\/panrest.com\/masamibialolenka\/produkt\/pieczona-ryba-maslana-6-szt\/","title":{"rendered":"PIECZONA RYBA MA\u015aLANA 6 SZT."},"content":{"rendered":"<p><strong>Maki z pieczon\u0105 ryb\u0105 ma\u015blan\u0105<\/strong><\/p>\n<p>* zdj\u0119cie ma charakter pogl\u0105dowy<\/p>\n","protected":false},"excerpt":{"rendered":"<p><strong>Maki z pieczon\u0105 ryb\u0105 ma\u015blan\u0105<\/strong><\/p>\n<p>* zdj\u0119cie ma charakter pogl\u0105dowy<\/p>\n","protected":false},"featured_media":2305,"template":"","meta":{"_acf_changed":false},"product_brand":[],"product_cat":[47],"product_tag":[],"class_list":{"0":"post-2254","1":"product","2":"type-product","3":"status-publish","4":"has-post-thumbnail","6":"product_cat-pieczone-maki","8":"first","9":"instock","10":"shipping-taxable","11":"purchasable","12":"product-type-simple"},"acf":[],"_links":{"self":[{"href":"https:\/\/panrest.com\/masamibialolenka\/wp-json\/wp\/v2\/product\/2254","targetHints":{"allow":["GET"]}}],"collection":[{"href":"https:\/\/panrest.com\/masamibialolenka\/wp-json\/wp\/v2\/product"}],"about":[{"href":"https:\/\/panrest.com\/masamibialolenka\/wp-json\/wp\/v2\/types\/product"}],"wp:featuredmedia":[{"embeddable":true,"href":"https:\/\/panrest.com\/masamibialolenka\/wp-json\/wp\/v2\/media\/2305"}],"wp:attachment":[{"href":"https:\/\/panrest.com\/masamibialolenka\/wp-json\/wp\/v2\/media?parent=2254"}],"wp:term":[{"taxonomy":"product_brand","embeddable":true,"href":"https:\/\/panrest.com\/masamibialolenka\/wp-json\/wp\/v2\/product_brand?post=2254"},{"taxonomy":"product_cat","embeddable":true,"href":"https:\/\/panrest.com\/masamibialolenka\/wp-json\/wp\/v2\/product_cat?post=2254"},{"taxonomy":"product_tag","embeddable":true,"href":"https:\/\/panrest.com\/masamibialolenka\/wp-json\/wp\/v2\/product_tag?post=2254"}],"curies":[{"name":"wp","href":"https:\/\/api.w.org\/{rel}","templated":true}]}}