{"id":1958,"date":"2025-01-21T13:22:07","date_gmt":"2025-01-21T12:22:07","guid":{"rendered":"https:\/\/panrest.com\/izumisushigaleriamokotow\/?post_type=product&#038;p=1958"},"modified":"2025-08-29T11:07:41","modified_gmt":"2025-08-29T09:07:41","slug":"poke-bowl-z-tunczykiem-i-trawa-morska","status":"publish","type":"product","link":"https:\/\/panrest.com\/izumisushigaleriamokotow\/produkt\/poke-bowl-z-tunczykiem-i-trawa-morska\/","title":{"rendered":"POKE BOWL z tu\u0144czykiem i traw\u0105 morsk\u0105"},"content":{"rendered":"","protected":false},"excerpt":{"rendered":"<p class=\"p2\" style=\"margin: 0cm;\"><span class=\"s2\"><span style=\"font-size: 13.0pt; color: black;\">Ry\u017c<\/span><\/span><\/p>\n<p class=\"p2\" style=\"margin: 0cm; font-stretch: normal;\"><span class=\"s2\"><span style=\"font-size: 13.0pt; color: black;\">Tu\u0144czyk marynowany<\/span><\/span><\/p>\n<p class=\"p2\" style=\"margin: 0cm; font-stretch: normal;\"><span class=\"s2\"><span style=\"font-size: 13.0pt; color: black;\">Edamame<\/span><\/span><\/p>\n<p class=\"p2\" style=\"margin: 0cm; font-stretch: normal;\"><span class=\"s2\"><span style=\"font-size: 13.0pt; color: black;\">Ananas<\/span><\/span><\/p>\n<p class=\"p2\" style=\"margin: 0cm; font-stretch: normal;\"><span class=\"s2\"><span style=\"font-size: 13.0pt; color: black;\">Awokado<\/span><\/span><\/p>\n<p class=\"p2\" style=\"margin: 0cm; font-stretch: normal;\"><span class=\"s2\"><span style=\"font-size: 13.0pt; color: black;\">Marchewka<\/span><\/span><\/p>\n<p class=\"p2\" style=\"margin: 0cm; font-stretch: normal;\"><span class=\"s2\"><span style=\"font-size: 13.0pt; color: black;\">Tykwa<\/span><\/span><\/p>\n<p class=\"p2\" style=\"margin: 0cm; font-stretch: normal;\"><span class=\"s2\"><span style=\"font-size: 13.0pt; color: black;\">Trawa morska<\/span><\/span><\/p>\n<p class=\"p2\" style=\"margin: 0cm; font-stretch: normal;\"><span class=\"s2\"><span style=\"font-size: 13.0pt; color: black;\">Sezam<\/span><\/span><\/p>\n<p class=\"p2\" style=\"margin: 0cm; font-stretch: normal;\"><span class=\"s2\"><span style=\"font-size: 13.0pt; color: black;\">Majonez japo\u0144ski<\/span><\/span><\/p>\n<p class=\"p2\" style=\"margin: 0cm; font-stretch: normal;\"><span class=\"s2\"><span style=\"font-size: 13.0pt; color: black;\">Kolendra<\/span><\/span><\/p>\n","protected":false},"featured_media":1977,"template":"","meta":{"_acf_changed":false},"product_brand":[],"product_cat":[54],"product_tag":[],"class_list":{"0":"post-1958","1":"product","2":"type-product","3":"status-publish","4":"has-post-thumbnail","6":"product_cat-poke-bowl","8":"first","9":"instock","10":"shipping-taxable","11":"purchasable","12":"product-type-simple"},"acf":[],"_links":{"self":[{"href":"https:\/\/panrest.com\/izumisushigaleriamokotow\/wp-json\/wp\/v2\/product\/1958","targetHints":{"allow":["GET"]}}],"collection":[{"href":"https:\/\/panrest.com\/izumisushigaleriamokotow\/wp-json\/wp\/v2\/product"}],"about":[{"href":"https:\/\/panrest.com\/izumisushigaleriamokotow\/wp-json\/wp\/v2\/types\/product"}],"wp:featuredmedia":[{"embeddable":true,"href":"https:\/\/panrest.com\/izumisushigaleriamokotow\/wp-json\/wp\/v2\/media\/1977"}],"wp:attachment":[{"href":"https:\/\/panrest.com\/izumisushigaleriamokotow\/wp-json\/wp\/v2\/media?parent=1958"}],"wp:term":[{"taxonomy":"product_brand","embeddable":true,"href":"https:\/\/panrest.com\/izumisushigaleriamokotow\/wp-json\/wp\/v2\/product_brand?post=1958"},{"taxonomy":"product_cat","embeddable":true,"href":"https:\/\/panrest.com\/izumisushigaleriamokotow\/wp-json\/wp\/v2\/product_cat?post=1958"},{"taxonomy":"product_tag","embeddable":true,"href":"https:\/\/panrest.com\/izumisushigaleriamokotow\/wp-json\/wp\/v2\/product_tag?post=1958"}],"curies":[{"name":"wp","href":"https:\/\/api.w.org\/{rel}","templated":true}]}}