{"id":1860,"date":"2025-01-21T13:18:28","date_gmt":"2025-01-21T12:18:28","guid":{"rendered":"https:\/\/panrest.com\/izumisushigaleriamokotow\/?post_type=product&#038;p=1860"},"modified":"2025-08-27T09:49:41","modified_gmt":"2025-08-27T07:49:41","slug":"chirashi-sushi-box-rozrzucone-sushi","status":"publish","type":"product","link":"https:\/\/panrest.com\/izumisushigaleriamokotow\/produkt\/chirashi-sushi-box-rozrzucone-sushi\/","title":{"rendered":"Chirashi sushi box \u2013 &#8220;Rozrzucone sushi&#8221;"},"content":{"rendered":"<p>po 3 plasterki: \u0142oso\u015b, tu\u0144czyk, ryba ma\u015blana, w\u0119gorz \/ po 2 plasterki: o\u015bmiornica, kalmar\/ po 1 plasterku: krewetka, makrela \/ kawior \u0142ososia, shitake, rzepa oshinko, tamago, tykwa \/ wszystko na ry\u017cu<\/p>\n","protected":false},"excerpt":{"rendered":"<p>po 3 plasterki: \u0142oso\u015b, tu\u0144czyk, ryba ma\u015blana, w\u0119gorz \/ po 2 plasterki: o\u015bmiornica, kalmar\/ po 1 plasterku: krewetka, makrela \/ kawior \u0142ososia, shitake, rzepa oshinko, tamago, tykwa \/ wszystko na ry\u017cu<\/p>\n","protected":false},"featured_media":1908,"template":"","meta":{"_acf_changed":false},"product_brand":[],"product_cat":[29],"product_tag":[],"class_list":{"0":"post-1860","1":"product","2":"type-product","3":"status-publish","4":"has-post-thumbnail","6":"product_cat-zestawy-sushi","8":"first","9":"instock","10":"purchasable","11":"product-type-simple"},"acf":[],"_links":{"self":[{"href":"https:\/\/panrest.com\/izumisushigaleriamokotow\/wp-json\/wp\/v2\/product\/1860","targetHints":{"allow":["GET"]}}],"collection":[{"href":"https:\/\/panrest.com\/izumisushigaleriamokotow\/wp-json\/wp\/v2\/product"}],"about":[{"href":"https:\/\/panrest.com\/izumisushigaleriamokotow\/wp-json\/wp\/v2\/types\/product"}],"wp:featuredmedia":[{"embeddable":true,"href":"https:\/\/panrest.com\/izumisushigaleriamokotow\/wp-json\/wp\/v2\/media\/1908"}],"wp:attachment":[{"href":"https:\/\/panrest.com\/izumisushigaleriamokotow\/wp-json\/wp\/v2\/media?parent=1860"}],"wp:term":[{"taxonomy":"product_brand","embeddable":true,"href":"https:\/\/panrest.com\/izumisushigaleriamokotow\/wp-json\/wp\/v2\/product_brand?post=1860"},{"taxonomy":"product_cat","embeddable":true,"href":"https:\/\/panrest.com\/izumisushigaleriamokotow\/wp-json\/wp\/v2\/product_cat?post=1860"},{"taxonomy":"product_tag","embeddable":true,"href":"https:\/\/panrest.com\/izumisushigaleriamokotow\/wp-json\/wp\/v2\/product_tag?post=1860"}],"curies":[{"name":"wp","href":"https:\/\/api.w.org\/{rel}","templated":true}]}}