{"id":1859,"date":"2025-01-21T13:18:28","date_gmt":"2025-01-21T12:18:28","guid":{"rendered":"https:\/\/panrest.com\/izumisushigaleriamokotow\/?post_type=product&#038;p=1859"},"modified":"2025-08-27T09:49:36","modified_gmt":"2025-08-27T07:49:36","slug":"masami-set-29-szt-29-pcs","status":"publish","type":"product","link":"https:\/\/panrest.com\/izumisushigaleriamokotow\/produkt\/masami-set-29-szt-29-pcs\/","title":{"rendered":"Masami set 29 szt. \/ 29 pcs"},"content":{"rendered":"<p>Opis:<br \/>\n6 futomaki pieczony \u0142oso\u015b<br \/>\n6 Philadelphia futomaki \u0142oso\u015b<br \/>\n6 California futomaki z krewetk\u0105 w tempurze<br \/>\n5 crazy maki<br \/>\n6 tobiko maki<\/p>\n","protected":false},"excerpt":{"rendered":"<p>Opis: 6 futomaki pieczony \u0142oso\u015b 6 Philadelphia futomaki \u0142oso\u015b 6 California futomaki z krewetk\u0105 w tempurze 5 crazy maki 6 tobiko maki<\/p>\n","protected":false},"featured_media":1907,"template":"","meta":{"_acf_changed":false},"product_brand":[],"product_cat":[29],"product_tag":[],"class_list":{"0":"post-1859","1":"product","2":"type-product","3":"status-publish","4":"has-post-thumbnail","6":"product_cat-zestawy-sushi","8":"first","9":"instock","10":"purchasable","11":"product-type-simple"},"acf":[],"_links":{"self":[{"href":"https:\/\/panrest.com\/izumisushigaleriamokotow\/wp-json\/wp\/v2\/product\/1859","targetHints":{"allow":["GET"]}}],"collection":[{"href":"https:\/\/panrest.com\/izumisushigaleriamokotow\/wp-json\/wp\/v2\/product"}],"about":[{"href":"https:\/\/panrest.com\/izumisushigaleriamokotow\/wp-json\/wp\/v2\/types\/product"}],"wp:featuredmedia":[{"embeddable":true,"href":"https:\/\/panrest.com\/izumisushigaleriamokotow\/wp-json\/wp\/v2\/media\/1907"}],"wp:attachment":[{"href":"https:\/\/panrest.com\/izumisushigaleriamokotow\/wp-json\/wp\/v2\/media?parent=1859"}],"wp:term":[{"taxonomy":"product_brand","embeddable":true,"href":"https:\/\/panrest.com\/izumisushigaleriamokotow\/wp-json\/wp\/v2\/product_brand?post=1859"},{"taxonomy":"product_cat","embeddable":true,"href":"https:\/\/panrest.com\/izumisushigaleriamokotow\/wp-json\/wp\/v2\/product_cat?post=1859"},{"taxonomy":"product_tag","embeddable":true,"href":"https:\/\/panrest.com\/izumisushigaleriamokotow\/wp-json\/wp\/v2\/product_tag?post=1859"}],"curies":[{"name":"wp","href":"https:\/\/api.w.org\/{rel}","templated":true}]}}